{"id":10471,"date":"2023-06-27T23:38:49","date_gmt":"2023-06-27T23:38:49","guid":{"rendered":"https:\/\/mindmatters4u.com\/thank-you-page-newsletter\/"},"modified":"2024-02-24T19:20:01","modified_gmt":"2024-02-24T19:20:01","slug":"thank-you-page-newsletter","status":"publish","type":"page","link":"https:\/\/mindmatters4u.com\/es\/thank-you-page-newsletter\/","title":{"rendered":"P\u00e1gina de agradecimiento del Newsletter"},"content":{"rendered":"\t\t<div data-elementor-type=\"wp-page\" data-elementor-id=\"10471\" class=\"elementor elementor-10471 elementor-2309\" data-elementor-post-type=\"page\">\n\t\t\t\t\t\t<section class=\"elementor-section elementor-top-section elementor-element elementor-element-0381100 elementor-section-boxed elementor-section-height-default elementor-section-height-default\" data-id=\"0381100\" data-element_type=\"section\" data-e-type=\"section\">\n\t\t\t\t\t\t<div class=\"elementor-container elementor-column-gap-default\">\n\t\t\t\t\t<div class=\"elementor-column elementor-col-100 elementor-top-column elementor-element elementor-element-ae5f01b\" data-id=\"ae5f01b\" data-element_type=\"column\" data-e-type=\"column\">\n\t\t\t<div class=\"elementor-widget-wrap elementor-element-populated\">\n\t\t\t\t\t\t<div class=\"elementor-element elementor-element-f21dc21 elementor-widget elementor-widget-button\" data-id=\"f21dc21\" data-element_type=\"widget\" data-e-type=\"widget\" data-widget_type=\"button.default\">\n\t\t\t\t<div class=\"elementor-widget-container\">\n\t\t\t\t\t\t\t\t\t<div class=\"elementor-button-wrapper\">\n\t\t\t\t\t<a class=\"elementor-button elementor-button-link elementor-size-md\" href=\"https:\/\/mindmatters4u.com\/es\/\">\n\t\t\t\t\t\t<span class=\"elementor-button-content-wrapper\">\n\t\t\t\t\t\t<span class=\"elementor-button-icon\">\n\t\t\t\t<i aria-hidden=\"true\" class=\"fas fa-home\"><\/i>\t\t\t<\/span>\n\t\t\t\t\t\t\t\t\t<span class=\"elementor-button-text\">Volver a la p\u00e1gina de inicio<\/span>\n\t\t\t\t\t<\/span>\n\t\t\t\t\t<\/a>\n\t\t\t\t<\/div>\n\t\t\t\t\t\t\t\t<\/div>\n\t\t\t\t<\/div>\n\t\t\t\t\t<\/div>\n\t\t<\/div>\n\t\t\t\t\t<\/div>\n\t\t<\/section>\n\t\t\t\t<section class=\"elementor-section elementor-top-section elementor-element elementor-element-798955c elementor-section-boxed elementor-section-height-default elementor-section-height-default\" data-id=\"798955c\" data-element_type=\"section\" data-e-type=\"section\">\n\t\t\t\t\t\t<div class=\"elementor-container elementor-column-gap-default\">\n\t\t\t\t\t<div class=\"elementor-column elementor-col-100 elementor-top-column elementor-element elementor-element-e2a2852\" data-id=\"e2a2852\" data-element_type=\"column\" data-e-type=\"column\">\n\t\t\t<div class=\"elementor-widget-wrap elementor-element-populated\">\n\t\t\t\t\t\t<div class=\"elementor-element elementor-element-bab1a3b elementor-widget elementor-widget-image\" data-id=\"bab1a3b\" data-element_type=\"widget\" data-e-type=\"widget\" data-widget_type=\"image.default\">\n\t\t\t\t<div class=\"elementor-widget-container\">\n\t\t\t\t\t\t\t\t\t\t\t\t\t\t\t<img fetchpriority=\"high\" decoding=\"async\" width=\"2636\" height=\"1516\" src=\"https:\/\/mindmatters4u.com\/wp-content\/uploads\/2023\/06\/Newsletter-thank-you-page.png\" class=\"attachment-full size-full wp-image-3273\" alt=\"\" srcset=\"https:\/\/mindmatters4u.com\/wp-content\/uploads\/2023\/06\/Newsletter-thank-you-page.png 2636w, https:\/\/mindmatters4u.com\/wp-content\/uploads\/2023\/06\/Newsletter-thank-you-page-300x173.png 300w, https:\/\/mindmatters4u.com\/wp-content\/uploads\/2023\/06\/Newsletter-thank-you-page-1024x589.png 1024w, https:\/\/mindmatters4u.com\/wp-content\/uploads\/2023\/06\/Newsletter-thank-you-page-768x442.png 768w, https:\/\/mindmatters4u.com\/wp-content\/uploads\/2023\/06\/Newsletter-thank-you-page-1536x883.png 1536w, https:\/\/mindmatters4u.com\/wp-content\/uploads\/2023\/06\/Newsletter-thank-you-page-2048x1178.png 2048w\" sizes=\"(max-width: 2636px) 100vw, 2636px\" \/>\t\t\t\t\t\t\t\t\t\t\t\t\t\t\t<\/div>\n\t\t\t\t<\/div>\n\t\t\t\t<div class=\"elementor-element elementor-element-892a988 elementor-widget elementor-widget-heading\" data-id=\"892a988\" data-element_type=\"widget\" data-e-type=\"widget\" data-widget_type=\"heading.default\">\n\t\t\t\t<div class=\"elementor-widget-container\">\n\t\t\t\t\t<h2 class=\"elementor-heading-title elementor-size-default\">S\u00edguenos en:<\/h2>\t\t\t\t<\/div>\n\t\t\t\t<\/div>\n\t\t\t\t<div class=\"elementor-element elementor-element-9aa78d2 elementor-shape-circle elementor-grid-0 e-grid-align-center elementor-widget elementor-widget-social-icons\" data-id=\"9aa78d2\" data-element_type=\"widget\" data-e-type=\"widget\" data-widget_type=\"social-icons.default\">\n\t\t\t\t<div class=\"elementor-widget-container\">\n\t\t\t\t\t\t\t<div class=\"elementor-social-icons-wrapper elementor-grid\" role=\"list\">\n\t\t\t\t\t\t\t<span class=\"elementor-grid-item\" role=\"listitem\">\n\t\t\t\t\t<a class=\"elementor-icon elementor-social-icon elementor-social-icon-facebook elementor-repeater-item-9dc731b\" href=\"https:\/\/www.facebook.com\/people\/Mind-Matters-Hypnotherapy\/100083107460599\/\" target=\"_blank\">\n\t\t\t\t\t\t<span class=\"elementor-screen-only\">Facebook<\/span>\n\t\t\t\t\t\t<i aria-hidden=\"true\" class=\"fab fa-facebook\"><\/i>\t\t\t\t\t<\/a>\n\t\t\t\t<\/span>\n\t\t\t\t\t\t\t<span class=\"elementor-grid-item\" role=\"listitem\">\n\t\t\t\t\t<a class=\"elementor-icon elementor-social-icon elementor-social-icon-instagram elementor-repeater-item-c5b4d78\" href=\"https:\/\/www.instagram.com\/mind_matters.hypnosis\/\" target=\"_blank\">\n\t\t\t\t\t\t<span class=\"elementor-screen-only\">Instagram<\/span>\n\t\t\t\t\t\t<i aria-hidden=\"true\" class=\"fab fa-instagram\"><\/i>\t\t\t\t\t<\/a>\n\t\t\t\t<\/span>\n\t\t\t\t\t\t\t<span class=\"elementor-grid-item\" role=\"listitem\">\n\t\t\t\t\t<a class=\"elementor-icon elementor-social-icon elementor-social-icon-linkedin elementor-repeater-item-ed13316\" href=\"https:\/\/www.linkedin.com\/company\/80270887\/\" target=\"_blank\">\n\t\t\t\t\t\t<span class=\"elementor-screen-only\">Linkedin<\/span>\n\t\t\t\t\t\t<i aria-hidden=\"true\" class=\"fab fa-linkedin\"><\/i>\t\t\t\t\t<\/a>\n\t\t\t\t<\/span>\n\t\t\t\t\t<\/div>\n\t\t\t\t\t\t<\/div>\n\t\t\t\t<\/div>\n\t\t\t\t\t<\/div>\n\t\t<\/div>\n\t\t\t\t\t<\/div>\n\t\t<\/section>\n\t\t\t\t<\/div>\n\t\t","protected":false},"excerpt":{"rendered":"<p>Volver a la p\u00e1gina de inicio S\u00edguenos en: Facebook Instagram Linkedin<\/p>\n","protected":false},"author":7779,"featured_media":0,"parent":0,"menu_order":11,"comment_status":"closed","ping_status":"closed","template":"elementor_header_footer","meta":{"_monsterinsights_skip_tracking":false,"_monsterinsights_sitenote_active":false,"_monsterinsights_sitenote_note":"","_monsterinsights_sitenote_category":0,"_joinchat":[],"footnotes":""},"class_list":["post-10471","page","type-page","status-publish","hentry"],"yoast_head":"<!-- This site is optimized with the Yoast SEO plugin v25.6 - https:\/\/yoast.com\/wordpress\/plugins\/seo\/ -->\n<title>P\u00e1gina de agradecimiento del Newsletter - Mindmatters for you<\/title>\n<meta name=\"robots\" content=\"index, follow, max-snippet:-1, max-image-preview:large, max-video-preview:-1\" \/>\n<link rel=\"canonical\" href=\"https:\/\/mindmatters4u.com\/es\/thank-you-page-newsletter\/\" \/>\n<meta property=\"og:locale\" content=\"es_ES\" \/>\n<meta property=\"og:type\" content=\"article\" \/>\n<meta property=\"og:title\" content=\"P\u00e1gina de agradecimiento del Newsletter - Mindmatters for you\" \/>\n<meta property=\"og:description\" content=\"Volver a la p\u00e1gina de inicio S\u00edguenos en: Facebook Instagram Linkedin\" \/>\n<meta property=\"og:url\" content=\"https:\/\/mindmatters4u.com\/es\/thank-you-page-newsletter\/\" \/>\n<meta property=\"og:site_name\" content=\"Mindmatters for you\" \/>\n<meta property=\"article:publisher\" content=\"https:\/\/www.facebook.com\/Mind-Matters-Hypnotherapy-112671978126559\" \/>\n<meta property=\"article:modified_time\" content=\"2024-02-24T19:20:01+00:00\" \/>\n<meta property=\"og:image\" content=\"https:\/\/mindmatters4u.com\/wp-content\/uploads\/2023\/06\/Newsletter-thank-you-page.png\" \/>\n<meta name=\"twitter:card\" content=\"summary_large_image\" \/>\n<meta name=\"twitter:label1\" content=\"Tiempo de lectura\" \/>\n\t<meta name=\"twitter:data1\" content=\"1 minuto\" \/>\n<script type=\"application\/ld+json\" class=\"yoast-schema-graph\">{\"@context\":\"https:\/\/schema.org\",\"@graph\":[{\"@type\":\"WebPage\",\"@id\":\"https:\/\/mindmatters4u.com\/es\/thank-you-page-newsletter\/\",\"url\":\"https:\/\/mindmatters4u.com\/es\/thank-you-page-newsletter\/\",\"name\":\"P\u00e1gina de agradecimiento del Newsletter - Mindmatters for you\",\"isPartOf\":{\"@id\":\"https:\/\/mindmatters4u.com\/es\/#website\"},\"primaryImageOfPage\":{\"@id\":\"https:\/\/mindmatters4u.com\/es\/thank-you-page-newsletter\/#primaryimage\"},\"image\":{\"@id\":\"https:\/\/mindmatters4u.com\/es\/thank-you-page-newsletter\/#primaryimage\"},\"thumbnailUrl\":\"https:\/\/mindmatters4u.com\/wp-content\/uploads\/2023\/06\/Newsletter-thank-you-page.png\",\"datePublished\":\"2023-06-27T23:38:49+00:00\",\"dateModified\":\"2024-02-24T19:20:01+00:00\",\"breadcrumb\":{\"@id\":\"https:\/\/mindmatters4u.com\/es\/thank-you-page-newsletter\/#breadcrumb\"},\"inLanguage\":\"es\",\"potentialAction\":[{\"@type\":\"ReadAction\",\"target\":[\"https:\/\/mindmatters4u.com\/es\/thank-you-page-newsletter\/\"]}]},{\"@type\":\"ImageObject\",\"inLanguage\":\"es\",\"@id\":\"https:\/\/mindmatters4u.com\/es\/thank-you-page-newsletter\/#primaryimage\",\"url\":\"https:\/\/mindmatters4u.com\/wp-content\/uploads\/2023\/06\/Newsletter-thank-you-page.png\",\"contentUrl\":\"https:\/\/mindmatters4u.com\/wp-content\/uploads\/2023\/06\/Newsletter-thank-you-page.png\"},{\"@type\":\"BreadcrumbList\",\"@id\":\"https:\/\/mindmatters4u.com\/es\/thank-you-page-newsletter\/#breadcrumb\",\"itemListElement\":[{\"@type\":\"ListItem\",\"position\":1,\"name\":\"Home\",\"item\":\"https:\/\/mindmatters4u.com\/es\/\"},{\"@type\":\"ListItem\",\"position\":2,\"name\":\"P\u00e1gina de agradecimiento del Newsletter\"}]},{\"@type\":\"WebSite\",\"@id\":\"https:\/\/mindmatters4u.com\/es\/#website\",\"url\":\"https:\/\/mindmatters4u.com\/es\/\",\"name\":\"Mind Matters for you\",\"description\":\"Online Hypnotherapy\",\"publisher\":{\"@id\":\"https:\/\/mindmatters4u.com\/es\/#\/schema\/person\/2d8b610a88a7f57e5a7cce9490eea9e2\"},\"potentialAction\":[{\"@type\":\"SearchAction\",\"target\":{\"@type\":\"EntryPoint\",\"urlTemplate\":\"https:\/\/mindmatters4u.com\/es\/?s={search_term_string}\"},\"query-input\":{\"@type\":\"PropertyValueSpecification\",\"valueRequired\":true,\"valueName\":\"search_term_string\"}}],\"inLanguage\":\"es\"},{\"@type\":[\"Person\",\"Organization\"],\"@id\":\"https:\/\/mindmatters4u.com\/es\/#\/schema\/person\/2d8b610a88a7f57e5a7cce9490eea9e2\",\"name\":\"Julian Carbajo Antelo\",\"image\":{\"@type\":\"ImageObject\",\"inLanguage\":\"es\",\"@id\":\"https:\/\/mindmatters4u.com\/es\/#\/schema\/person\/image\/\",\"url\":\"https:\/\/mindmatters4u.com\/wp-content\/uploads\/2022\/04\/Logo-Big-fococlipping-standard.png\",\"contentUrl\":\"https:\/\/mindmatters4u.com\/wp-content\/uploads\/2022\/04\/Logo-Big-fococlipping-standard.png\",\"width\":500,\"height\":500,\"caption\":\"Julian Carbajo Antelo\"},\"logo\":{\"@id\":\"https:\/\/mindmatters4u.com\/es\/#\/schema\/person\/image\/\"},\"sameAs\":[\"http:\/\/mindmatters4u.com\/\",\"https:\/\/www.facebook.com\/Mind-Matters-Hypnotherapy-112671978126559\",\"https:\/\/www.instagram.com\/mind_matters.hypnosis\/\",\"https:\/\/www.linkedin.com\/company\/80270887\/\"]}]}<\/script>\n<!-- \/ Yoast SEO plugin. -->","yoast_head_json":{"title":"P\u00e1gina de agradecimiento del Newsletter - Mindmatters for you","robots":{"index":"index","follow":"follow","max-snippet":"max-snippet:-1","max-image-preview":"max-image-preview:large","max-video-preview":"max-video-preview:-1"},"canonical":"https:\/\/mindmatters4u.com\/es\/thank-you-page-newsletter\/","og_locale":"es_ES","og_type":"article","og_title":"P\u00e1gina de agradecimiento del Newsletter - Mindmatters for you","og_description":"Volver a la p\u00e1gina de inicio S\u00edguenos en: Facebook Instagram Linkedin","og_url":"https:\/\/mindmatters4u.com\/es\/thank-you-page-newsletter\/","og_site_name":"Mindmatters for you","article_publisher":"https:\/\/www.facebook.com\/Mind-Matters-Hypnotherapy-112671978126559","article_modified_time":"2024-02-24T19:20:01+00:00","og_image":[{"url":"https:\/\/mindmatters4u.com\/wp-content\/uploads\/2023\/06\/Newsletter-thank-you-page.png","type":"","width":"","height":""}],"twitter_card":"summary_large_image","twitter_misc":{"Tiempo de lectura":"1 minuto"},"schema":{"@context":"https:\/\/schema.org","@graph":[{"@type":"WebPage","@id":"https:\/\/mindmatters4u.com\/es\/thank-you-page-newsletter\/","url":"https:\/\/mindmatters4u.com\/es\/thank-you-page-newsletter\/","name":"P\u00e1gina de agradecimiento del Newsletter - Mindmatters for you","isPartOf":{"@id":"https:\/\/mindmatters4u.com\/es\/#website"},"primaryImageOfPage":{"@id":"https:\/\/mindmatters4u.com\/es\/thank-you-page-newsletter\/#primaryimage"},"image":{"@id":"https:\/\/mindmatters4u.com\/es\/thank-you-page-newsletter\/#primaryimage"},"thumbnailUrl":"https:\/\/mindmatters4u.com\/wp-content\/uploads\/2023\/06\/Newsletter-thank-you-page.png","datePublished":"2023-06-27T23:38:49+00:00","dateModified":"2024-02-24T19:20:01+00:00","breadcrumb":{"@id":"https:\/\/mindmatters4u.com\/es\/thank-you-page-newsletter\/#breadcrumb"},"inLanguage":"es","potentialAction":[{"@type":"ReadAction","target":["https:\/\/mindmatters4u.com\/es\/thank-you-page-newsletter\/"]}]},{"@type":"ImageObject","inLanguage":"es","@id":"https:\/\/mindmatters4u.com\/es\/thank-you-page-newsletter\/#primaryimage","url":"https:\/\/mindmatters4u.com\/wp-content\/uploads\/2023\/06\/Newsletter-thank-you-page.png","contentUrl":"https:\/\/mindmatters4u.com\/wp-content\/uploads\/2023\/06\/Newsletter-thank-you-page.png"},{"@type":"BreadcrumbList","@id":"https:\/\/mindmatters4u.com\/es\/thank-you-page-newsletter\/#breadcrumb","itemListElement":[{"@type":"ListItem","position":1,"name":"Home","item":"https:\/\/mindmatters4u.com\/es\/"},{"@type":"ListItem","position":2,"name":"P\u00e1gina de agradecimiento del Newsletter"}]},{"@type":"WebSite","@id":"https:\/\/mindmatters4u.com\/es\/#website","url":"https:\/\/mindmatters4u.com\/es\/","name":"Mind Matters for you","description":"Online Hypnotherapy","publisher":{"@id":"https:\/\/mindmatters4u.com\/es\/#\/schema\/person\/2d8b610a88a7f57e5a7cce9490eea9e2"},"potentialAction":[{"@type":"SearchAction","target":{"@type":"EntryPoint","urlTemplate":"https:\/\/mindmatters4u.com\/es\/?s={search_term_string}"},"query-input":{"@type":"PropertyValueSpecification","valueRequired":true,"valueName":"search_term_string"}}],"inLanguage":"es"},{"@type":["Person","Organization"],"@id":"https:\/\/mindmatters4u.com\/es\/#\/schema\/person\/2d8b610a88a7f57e5a7cce9490eea9e2","name":"Julian Carbajo Antelo","image":{"@type":"ImageObject","inLanguage":"es","@id":"https:\/\/mindmatters4u.com\/es\/#\/schema\/person\/image\/","url":"https:\/\/mindmatters4u.com\/wp-content\/uploads\/2022\/04\/Logo-Big-fococlipping-standard.png","contentUrl":"https:\/\/mindmatters4u.com\/wp-content\/uploads\/2022\/04\/Logo-Big-fococlipping-standard.png","width":500,"height":500,"caption":"Julian Carbajo Antelo"},"logo":{"@id":"https:\/\/mindmatters4u.com\/es\/#\/schema\/person\/image\/"},"sameAs":["http:\/\/mindmatters4u.com\/","https:\/\/www.facebook.com\/Mind-Matters-Hypnotherapy-112671978126559","https:\/\/www.instagram.com\/mind_matters.hypnosis\/","https:\/\/www.linkedin.com\/company\/80270887\/"]}]}},"_links":{"self":[{"href":"https:\/\/mindmatters4u.com\/es\/wp-json\/wp\/v2\/pages\/10471"}],"collection":[{"href":"https:\/\/mindmatters4u.com\/es\/wp-json\/wp\/v2\/pages"}],"about":[{"href":"https:\/\/mindmatters4u.com\/es\/wp-json\/wp\/v2\/types\/page"}],"author":[{"embeddable":true,"href":"https:\/\/mindmatters4u.com\/es\/wp-json\/wp\/v2\/users\/7779"}],"replies":[{"embeddable":true,"href":"https:\/\/mindmatters4u.com\/es\/wp-json\/wp\/v2\/comments?post=10471"}],"version-history":[{"count":6,"href":"https:\/\/mindmatters4u.com\/es\/wp-json\/wp\/v2\/pages\/10471\/revisions"}],"predecessor-version":[{"id":10502,"href":"https:\/\/mindmatters4u.com\/es\/wp-json\/wp\/v2\/pages\/10471\/revisions\/10502"}],"wp:attachment":[{"href":"https:\/\/mindmatters4u.com\/es\/wp-json\/wp\/v2\/media?parent=10471"}],"curies":[{"name":"wp","href":"https:\/\/api.w.org\/{rel}","templated":true}]}}