{"id":1581,"date":"2022-04-11T08:26:51","date_gmt":"2022-04-11T08:26:51","guid":{"rendered":"http:\/\/mindmatters4u.com\/?page_id=1581"},"modified":"2025-01-28T09:49:36","modified_gmt":"2025-01-28T09:49:36","slug":"contacto","status":"publish","type":"page","link":"https:\/\/mindmatters4u.com\/es\/contacto\/","title":{"rendered":"Contacto"},"content":{"rendered":"\t\t<div data-elementor-type=\"wp-page\" data-elementor-id=\"1581\" class=\"elementor elementor-1581 elementor-298\" data-elementor-post-type=\"page\">\n\t\t\t\t\t\t<section class=\"elementor-section elementor-top-section elementor-element elementor-element-9769405 elementor-section-boxed elementor-section-height-default elementor-section-height-default\" data-id=\"9769405\" data-element_type=\"section\" data-e-type=\"section\" data-settings=\"{&quot;background_background&quot;:&quot;classic&quot;}\">\n\t\t\t\t\t\t<div class=\"elementor-container elementor-column-gap-no\">\n\t\t\t\t\t<div class=\"elementor-column elementor-col-100 elementor-top-column elementor-element elementor-element-f167b94\" data-id=\"f167b94\" data-element_type=\"column\" data-e-type=\"column\">\n\t\t\t<div class=\"elementor-widget-wrap elementor-element-populated\">\n\t\t\t\t\t\t<div class=\"elementor-element elementor-element-fbba813 elementor-widget__width-initial elementor-absolute elementor-widget elementor-widget-heading\" data-id=\"fbba813\" data-element_type=\"widget\" data-e-type=\"widget\" data-settings=\"{&quot;_position&quot;:&quot;absolute&quot;}\" data-widget_type=\"heading.default\">\n\t\t\t\t<div class=\"elementor-widget-container\">\n\t\t\t\t\t<h1 class=\"elementor-heading-title elementor-size-default\">Cont\u00e1ctame<\/h1>\t\t\t\t<\/div>\n\t\t\t\t<\/div>\n\t\t\t\t<div class=\"elementor-element elementor-element-dd345fa elementor-absolute elementor-widget elementor-widget-heading\" data-id=\"dd345fa\" data-element_type=\"widget\" data-e-type=\"widget\" data-settings=\"{&quot;_position&quot;:&quot;absolute&quot;}\" data-widget_type=\"heading.default\">\n\t\t\t\t<div class=\"elementor-widget-container\">\n\t\t\t\t\t<h2 class=\"elementor-heading-title elementor-size-default\">Hablemos de tus necesidades. Cont\u00e1cteme para una charla inicial gratuita y estaremos encantados de responder todas sus preguntas.<\/h2>\t\t\t\t<\/div>\n\t\t\t\t<\/div>\n\t\t\t\t<div class=\"elementor-element elementor-element-738116a elementor-widget elementor-widget-image\" data-id=\"738116a\" data-element_type=\"widget\" data-e-type=\"widget\" data-widget_type=\"image.default\">\n\t\t\t\t<div class=\"elementor-widget-container\">\n\t\t\t\t\t\t\t\t\t\t\t\t\t\t\t<img fetchpriority=\"high\" decoding=\"async\" width=\"2560\" height=\"1704\" src=\"https:\/\/mindmatters4u.com\/wp-content\/uploads\/2024\/01\/frank-mckenna-8bRf_BmjbpU-unsplash-scaled.jpg\" class=\"attachment-full size-full wp-image-9194\" alt=\"About me\" srcset=\"https:\/\/mindmatters4u.com\/wp-content\/uploads\/2024\/01\/frank-mckenna-8bRf_BmjbpU-unsplash-scaled.jpg 2560w, https:\/\/mindmatters4u.com\/wp-content\/uploads\/2024\/01\/frank-mckenna-8bRf_BmjbpU-unsplash-300x200.jpg 300w, https:\/\/mindmatters4u.com\/wp-content\/uploads\/2024\/01\/frank-mckenna-8bRf_BmjbpU-unsplash-1024x682.jpg 1024w, https:\/\/mindmatters4u.com\/wp-content\/uploads\/2024\/01\/frank-mckenna-8bRf_BmjbpU-unsplash-768x511.jpg 768w, https:\/\/mindmatters4u.com\/wp-content\/uploads\/2024\/01\/frank-mckenna-8bRf_BmjbpU-unsplash-1536x1022.jpg 1536w, https:\/\/mindmatters4u.com\/wp-content\/uploads\/2024\/01\/frank-mckenna-8bRf_BmjbpU-unsplash-2048x1363.jpg 2048w\" sizes=\"(max-width: 2560px) 100vw, 2560px\" \/>\t\t\t\t\t\t\t\t\t\t\t\t\t\t\t<\/div>\n\t\t\t\t<\/div>\n\t\t\t\t\t<\/div>\n\t\t<\/div>\n\t\t\t\t\t<\/div>\n\t\t<\/section>\n\t\t\t\t<section class=\"elementor-section elementor-top-section elementor-element elementor-element-ea2ccdc elementor-section-boxed elementor-section-height-default elementor-section-height-default\" data-id=\"ea2ccdc\" data-element_type=\"section\" data-e-type=\"section\">\n\t\t\t\t\t\t<div class=\"elementor-container elementor-column-gap-default\">\n\t\t\t\t\t<div class=\"elementor-column elementor-col-100 elementor-top-column elementor-element elementor-element-f500e46\" data-id=\"f500e46\" data-element_type=\"column\" data-e-type=\"column\">\n\t\t\t<div class=\"elementor-widget-wrap elementor-element-populated\">\n\t\t\t\t\t\t<div class=\"elementor-element elementor-element-7d88d4c elementor-widget elementor-widget-text-editor\" data-id=\"7d88d4c\" data-element_type=\"widget\" data-e-type=\"widget\" data-widget_type=\"text-editor.default\">\n\t\t\t\t<div class=\"elementor-widget-container\">\n\t\t\t\t\t\t\t\t\tBienvenido a un espacio dedicado al bienestar y la transformaci\u00f3n positiva. Si est\u00e1 listo para dar el primer paso hacia una vida m\u00e1s saludable y feliz, comun\u00edquese con nosotros a trav\u00e9s de la informaci\u00f3n de contacto proporcionada. Como practicante experimentado de <a target=\"_blank\" href=\"https:\/\/mindmatters4u.com\/es\/hipnoterapia\/\" rel=\"noopener\"><span style=\"text-decoration: underline;\"><span style= \"color: #000000; text-decoration: underline;\">hipnoterapia<\/span><\/span><\/a> y coaching, mi misi\u00f3n es brindar alivio ante una amplia gama de desaf\u00edos, ofreciendo un enfoque personalizado a cada individuo. .\t\t\t\t\t\t\t\t<\/div>\n\t\t\t\t<\/div>\n\t\t\t\t\t<\/div>\n\t\t<\/div>\n\t\t\t\t\t<\/div>\n\t\t<\/section>\n\t\t<div class=\"elementor-element elementor-element-1c992be e-flex e-con-boxed e-con e-parent\" data-id=\"1c992be\" data-element_type=\"container\" data-e-type=\"container\">\n\t\t\t\t\t<div class=\"e-con-inner\">\n\t\t<div class=\"elementor-element elementor-element-8589891 e-con-full e-flex e-con e-child\" data-id=\"8589891\" data-element_type=\"container\" data-e-type=\"container\">\n\t\t\t\t<div class=\"elementor-element elementor-element-fb37256 elementor-widget elementor-widget-image\" data-id=\"fb37256\" data-element_type=\"widget\" data-e-type=\"widget\" data-widget_type=\"image.default\">\n\t\t\t\t<div class=\"elementor-widget-container\">\n\t\t\t\t\t\t\t\t\t\t\t\t\t\t\t<img decoding=\"async\" width=\"683\" height=\"1024\" src=\"https:\/\/mindmatters4u.com\/wp-content\/uploads\/2022\/05\/IMG_0013-683x1024.jpeg\" class=\"attachment-large size-large wp-image-3093\" alt=\"Contact Julian Carbajo\" srcset=\"https:\/\/mindmatters4u.com\/wp-content\/uploads\/2022\/05\/IMG_0013-683x1024.jpeg 683w, https:\/\/mindmatters4u.com\/wp-content\/uploads\/2022\/05\/IMG_0013-200x300.jpeg 200w, https:\/\/mindmatters4u.com\/wp-content\/uploads\/2022\/05\/IMG_0013-768x1152.jpeg 768w, https:\/\/mindmatters4u.com\/wp-content\/uploads\/2022\/05\/IMG_0013-1024x1536.jpeg 1024w, https:\/\/mindmatters4u.com\/wp-content\/uploads\/2022\/05\/IMG_0013-1365x2048.jpeg 1365w, https:\/\/mindmatters4u.com\/wp-content\/uploads\/2022\/05\/IMG_0013-scaled.jpeg 1707w\" sizes=\"(max-width: 683px) 100vw, 683px\" \/>\t\t\t\t\t\t\t\t\t\t\t\t\t\t\t<\/div>\n\t\t\t\t<\/div>\n\t\t\t\t<\/div>\n\t\t<div class=\"elementor-element elementor-element-38092b4 e-con-full e-flex e-con e-child\" data-id=\"38092b4\" data-element_type=\"container\" data-e-type=\"container\">\n\t\t\t\t<div class=\"elementor-element elementor-element-d575085 elementor-widget elementor-widget-text-editor\" data-id=\"d575085\" data-element_type=\"widget\" data-e-type=\"widget\" data-widget_type=\"text-editor.default\">\n\t\t\t\t<div class=\"elementor-widget-container\">\n\t\t\t\t\t\t\t\t\t<p>Elaborado con precisi\u00f3n, mi enfoque hol\u00edstico est\u00e1 dise\u00f1ado para abordar el estr\u00e9s, la ansiedad, los cambios de comportamiento y una variedad de otras preocupaciones. Incluso si su problema espec\u00edfico no se menciona expl\u00edcitamente en este sitio, no se preocupe: el amplio espectro de afecciones tratables con hipnoterapia garantiza que las soluciones est\u00e9n a su alcance. Cont\u00e1cteme y le brindar\u00e9 informaci\u00f3n valiosa sobre c\u00f3mo puedo ayudarlo en su viaje \u00fanico hacia un cambio positivo.<\/p>\n<p>&nbsp;<\/p>\n<p>Si bien los resultados var\u00edan naturalmente de persona a persona, mi compromiso sigue siendo constante. Cada cliente recibe atenci\u00f3n exclusiva e invierto el 100% de mi esfuerzo en cada sesi\u00f3n, destacando la naturaleza personalizada de nuestro trabajo colaborativo.<\/p>\n<p>&nbsp;<\/p>\n<p>Acceda a soporte profesional en l\u00ednea en todo el mundo, disponible en ingl\u00e9s, franc\u00e9s y espa\u00f1ol. La conveniencia de las sesiones en l\u00ednea le permite aprovechar los beneficios de la hipnoterapia desde la comodidad de su propio espacio, en un horario que se adapta perfectamente a su agenda.<\/p>\t\t\t\t\t\t\t\t<\/div>\n\t\t\t\t<\/div>\n\t\t\t\t<\/div>\n\t\t\t\t\t<\/div>\n\t\t\t\t<\/div>\n\t\t\t\t<section class=\"elementor-section elementor-top-section elementor-element elementor-element-ad08e2b elementor-section-boxed elementor-section-height-default elementor-section-height-default\" data-id=\"ad08e2b\" data-element_type=\"section\" data-e-type=\"section\">\n\t\t\t\t\t\t<div class=\"elementor-container elementor-column-gap-default\">\n\t\t\t\t\t<div class=\"elementor-column elementor-col-100 elementor-top-column elementor-element elementor-element-7811356\" data-id=\"7811356\" data-element_type=\"column\" data-e-type=\"column\">\n\t\t\t<div class=\"elementor-widget-wrap elementor-element-populated\">\n\t\t\t\t\t\t<div class=\"elementor-element elementor-element-ca412e3 elementor-widget elementor-widget-text-editor\" data-id=\"ca412e3\" data-element_type=\"widget\" data-e-type=\"widget\" data-widget_type=\"text-editor.default\">\n\t\t\t\t<div class=\"elementor-widget-container\">\n\t\t\t\t\t\t\t\t\tInicie su viaje transformador con un mensaje simple. Cont\u00e1cteme hoy y exploremos las soluciones de hipnoterapia y entrenamiento personalizadas que pueden desbloquear un cambio positivo en su vida. Ya sea que est\u00e9 buscando alivio para un desaf\u00edo espec\u00edfico o buscando un bienestar integral, estoy aqu\u00ed para guiarlo en su camino hacia el crecimiento y la transformaci\u00f3n personal. Su viaje comienza con un mensaje: hag\u00e1moslo juntos.\t\t\t\t\t\t\t\t<\/div>\n\t\t\t\t<\/div>\n\t\t\t\t\t<\/div>\n\t\t<\/div>\n\t\t\t\t\t<\/div>\n\t\t<\/section>\n\t\t\t\t<\/div>\n\t\t","protected":false},"excerpt":{"rendered":"<p>Cont\u00e1ctame Hablemos de tus necesidades. Cont\u00e1cteme para una charla inicial gratuita y estaremos encantados de responder todas sus preguntas. Bienvenido a un espacio dedicado al bienestar y la transformaci\u00f3n positiva. Si est\u00e1 listo para dar el primer paso hacia una vida m\u00e1s saludable y feliz, comun\u00edquese con nosotros a trav\u00e9s de la informaci\u00f3n de contacto [&hellip;]<\/p>\n","protected":false},"author":7777,"featured_media":0,"parent":0,"menu_order":6,"comment_status":"closed","ping_status":"closed","template":"elementor_header_footer","meta":{"_monsterinsights_skip_tracking":false,"_monsterinsights_sitenote_active":false,"_monsterinsights_sitenote_note":"","_monsterinsights_sitenote_category":0,"_joinchat":[],"footnotes":""},"class_list":["post-1581","page","type-page","status-publish","hentry"],"yoast_head":"<!-- This site is optimized with the Yoast SEO plugin v25.6 - https:\/\/yoast.com\/wordpress\/plugins\/seo\/ -->\n<title>Contacto - Reserva tu consulta gratuita de 20min- Mindmatters for you<\/title>\n<meta name=\"description\" content=\"\u00bfQuieres una soluci\u00f3n eficaz a lo que te detiene? \u00a1La hipnoterapia puede ayudar! Cont\u00e1ctame. \u00a1Obt\u00e9n un chat inicial GRATIS!\" \/>\n<meta name=\"robots\" content=\"index, follow, max-snippet:-1, max-image-preview:large, max-video-preview:-1\" \/>\n<link rel=\"canonical\" href=\"https:\/\/mindmatters4u.com\/es\/contacto\/\" \/>\n<meta property=\"og:locale\" content=\"es_ES\" \/>\n<meta property=\"og:type\" content=\"article\" \/>\n<meta property=\"og:title\" content=\"Contacto - Reserva tu consulta gratuita de 20min- Mindmatters for you\" \/>\n<meta property=\"og:description\" content=\"\u00bfQuieres una soluci\u00f3n eficaz a lo que te detiene? \u00a1La hipnoterapia puede ayudar! Cont\u00e1ctame. \u00a1Obt\u00e9n un chat inicial GRATIS!\" \/>\n<meta property=\"og:url\" content=\"https:\/\/mindmatters4u.com\/es\/contacto\/\" \/>\n<meta property=\"og:site_name\" content=\"Mindmatters for you\" \/>\n<meta property=\"article:publisher\" content=\"https:\/\/www.facebook.com\/Mind-Matters-Hypnotherapy-112671978126559\" \/>\n<meta property=\"article:modified_time\" content=\"2025-01-28T09:49:36+00:00\" \/>\n<meta property=\"og:image\" content=\"https:\/\/mindmatters4u.com\/wp-content\/uploads\/2024\/01\/frank-mckenna-8bRf_BmjbpU-unsplash-scaled.jpg\" \/>\n\t<meta property=\"og:image:width\" content=\"2560\" \/>\n\t<meta property=\"og:image:height\" content=\"1704\" \/>\n\t<meta property=\"og:image:type\" content=\"image\/jpeg\" \/>\n<meta name=\"twitter:card\" content=\"summary_large_image\" \/>\n<meta name=\"twitter:label1\" content=\"Tiempo de lectura\" \/>\n\t<meta name=\"twitter:data1\" content=\"2 minutos\" \/>\n<script type=\"application\/ld+json\" class=\"yoast-schema-graph\">{\"@context\":\"https:\/\/schema.org\",\"@graph\":[{\"@type\":[\"WebPage\",\"ContactPage\"],\"@id\":\"https:\/\/mindmatters4u.com\/es\/contacto\/\",\"url\":\"https:\/\/mindmatters4u.com\/es\/contacto\/\",\"name\":\"Contacto - Reserva tu consulta gratuita de 20min- Mindmatters for you\",\"isPartOf\":{\"@id\":\"https:\/\/mindmatters4u.com\/es\/#website\"},\"primaryImageOfPage\":{\"@id\":\"https:\/\/mindmatters4u.com\/es\/contacto\/#primaryimage\"},\"image\":{\"@id\":\"https:\/\/mindmatters4u.com\/es\/contacto\/#primaryimage\"},\"thumbnailUrl\":\"https:\/\/mindmatters4u.com\/wp-content\/uploads\/2024\/01\/frank-mckenna-8bRf_BmjbpU-unsplash-scaled.jpg\",\"datePublished\":\"2022-04-11T08:26:51+00:00\",\"dateModified\":\"2025-01-28T09:49:36+00:00\",\"description\":\"\u00bfQuieres una soluci\u00f3n eficaz a lo que te detiene? \u00a1La hipnoterapia puede ayudar! Cont\u00e1ctame. \u00a1Obt\u00e9n un chat inicial GRATIS!\",\"breadcrumb\":{\"@id\":\"https:\/\/mindmatters4u.com\/es\/contacto\/#breadcrumb\"},\"inLanguage\":\"es\",\"potentialAction\":[{\"@type\":\"ReadAction\",\"target\":[\"https:\/\/mindmatters4u.com\/es\/contacto\/\"]}]},{\"@type\":\"ImageObject\",\"inLanguage\":\"es\",\"@id\":\"https:\/\/mindmatters4u.com\/es\/contacto\/#primaryimage\",\"url\":\"https:\/\/mindmatters4u.com\/wp-content\/uploads\/2024\/01\/frank-mckenna-8bRf_BmjbpU-unsplash-scaled.jpg\",\"contentUrl\":\"https:\/\/mindmatters4u.com\/wp-content\/uploads\/2024\/01\/frank-mckenna-8bRf_BmjbpU-unsplash-scaled.jpg\"},{\"@type\":\"BreadcrumbList\",\"@id\":\"https:\/\/mindmatters4u.com\/es\/contacto\/#breadcrumb\",\"itemListElement\":[{\"@type\":\"ListItem\",\"position\":1,\"name\":\"Home\",\"item\":\"https:\/\/mindmatters4u.com\/es\/\"},{\"@type\":\"ListItem\",\"position\":2,\"name\":\"Contacto\"}]},{\"@type\":\"WebSite\",\"@id\":\"https:\/\/mindmatters4u.com\/es\/#website\",\"url\":\"https:\/\/mindmatters4u.com\/es\/\",\"name\":\"Mind Matters for you\",\"description\":\"Online Hypnotherapy\",\"publisher\":{\"@id\":\"https:\/\/mindmatters4u.com\/es\/#\/schema\/person\/2d8b610a88a7f57e5a7cce9490eea9e2\"},\"potentialAction\":[{\"@type\":\"SearchAction\",\"target\":{\"@type\":\"EntryPoint\",\"urlTemplate\":\"https:\/\/mindmatters4u.com\/es\/?s={search_term_string}\"},\"query-input\":{\"@type\":\"PropertyValueSpecification\",\"valueRequired\":true,\"valueName\":\"search_term_string\"}}],\"inLanguage\":\"es\"},{\"@type\":[\"Person\",\"Organization\"],\"@id\":\"https:\/\/mindmatters4u.com\/es\/#\/schema\/person\/2d8b610a88a7f57e5a7cce9490eea9e2\",\"name\":\"Julian Carbajo Antelo\",\"image\":{\"@type\":\"ImageObject\",\"inLanguage\":\"es\",\"@id\":\"https:\/\/mindmatters4u.com\/es\/#\/schema\/person\/image\/\",\"url\":\"https:\/\/mindmatters4u.com\/wp-content\/uploads\/2022\/04\/Logo-Big-fococlipping-standard.png\",\"contentUrl\":\"https:\/\/mindmatters4u.com\/wp-content\/uploads\/2022\/04\/Logo-Big-fococlipping-standard.png\",\"width\":500,\"height\":500,\"caption\":\"Julian Carbajo Antelo\"},\"logo\":{\"@id\":\"https:\/\/mindmatters4u.com\/es\/#\/schema\/person\/image\/\"},\"sameAs\":[\"http:\/\/mindmatters4u.com\/\",\"https:\/\/www.facebook.com\/Mind-Matters-Hypnotherapy-112671978126559\",\"https:\/\/www.instagram.com\/mind_matters.hypnosis\/\",\"https:\/\/www.linkedin.com\/company\/80270887\/\"]}]}<\/script>\n<!-- \/ Yoast SEO plugin. -->","yoast_head_json":{"title":"Contacto - Reserva tu consulta gratuita de 20min- Mindmatters for you","description":"\u00bfQuieres una soluci\u00f3n eficaz a lo que te detiene? \u00a1La hipnoterapia puede ayudar! Cont\u00e1ctame. \u00a1Obt\u00e9n un chat inicial GRATIS!","robots":{"index":"index","follow":"follow","max-snippet":"max-snippet:-1","max-image-preview":"max-image-preview:large","max-video-preview":"max-video-preview:-1"},"canonical":"https:\/\/mindmatters4u.com\/es\/contacto\/","og_locale":"es_ES","og_type":"article","og_title":"Contacto - Reserva tu consulta gratuita de 20min- Mindmatters for you","og_description":"\u00bfQuieres una soluci\u00f3n eficaz a lo que te detiene? \u00a1La hipnoterapia puede ayudar! Cont\u00e1ctame. \u00a1Obt\u00e9n un chat inicial GRATIS!","og_url":"https:\/\/mindmatters4u.com\/es\/contacto\/","og_site_name":"Mindmatters for you","article_publisher":"https:\/\/www.facebook.com\/Mind-Matters-Hypnotherapy-112671978126559","article_modified_time":"2025-01-28T09:49:36+00:00","og_image":[{"width":2560,"height":1704,"url":"https:\/\/mindmatters4u.com\/wp-content\/uploads\/2024\/01\/frank-mckenna-8bRf_BmjbpU-unsplash-scaled.jpg","type":"image\/jpeg"}],"twitter_card":"summary_large_image","twitter_misc":{"Tiempo de lectura":"2 minutos"},"schema":{"@context":"https:\/\/schema.org","@graph":[{"@type":["WebPage","ContactPage"],"@id":"https:\/\/mindmatters4u.com\/es\/contacto\/","url":"https:\/\/mindmatters4u.com\/es\/contacto\/","name":"Contacto - Reserva tu consulta gratuita de 20min- Mindmatters for you","isPartOf":{"@id":"https:\/\/mindmatters4u.com\/es\/#website"},"primaryImageOfPage":{"@id":"https:\/\/mindmatters4u.com\/es\/contacto\/#primaryimage"},"image":{"@id":"https:\/\/mindmatters4u.com\/es\/contacto\/#primaryimage"},"thumbnailUrl":"https:\/\/mindmatters4u.com\/wp-content\/uploads\/2024\/01\/frank-mckenna-8bRf_BmjbpU-unsplash-scaled.jpg","datePublished":"2022-04-11T08:26:51+00:00","dateModified":"2025-01-28T09:49:36+00:00","description":"\u00bfQuieres una soluci\u00f3n eficaz a lo que te detiene? \u00a1La hipnoterapia puede ayudar! Cont\u00e1ctame. \u00a1Obt\u00e9n un chat inicial GRATIS!","breadcrumb":{"@id":"https:\/\/mindmatters4u.com\/es\/contacto\/#breadcrumb"},"inLanguage":"es","potentialAction":[{"@type":"ReadAction","target":["https:\/\/mindmatters4u.com\/es\/contacto\/"]}]},{"@type":"ImageObject","inLanguage":"es","@id":"https:\/\/mindmatters4u.com\/es\/contacto\/#primaryimage","url":"https:\/\/mindmatters4u.com\/wp-content\/uploads\/2024\/01\/frank-mckenna-8bRf_BmjbpU-unsplash-scaled.jpg","contentUrl":"https:\/\/mindmatters4u.com\/wp-content\/uploads\/2024\/01\/frank-mckenna-8bRf_BmjbpU-unsplash-scaled.jpg"},{"@type":"BreadcrumbList","@id":"https:\/\/mindmatters4u.com\/es\/contacto\/#breadcrumb","itemListElement":[{"@type":"ListItem","position":1,"name":"Home","item":"https:\/\/mindmatters4u.com\/es\/"},{"@type":"ListItem","position":2,"name":"Contacto"}]},{"@type":"WebSite","@id":"https:\/\/mindmatters4u.com\/es\/#website","url":"https:\/\/mindmatters4u.com\/es\/","name":"Mind Matters for you","description":"Online Hypnotherapy","publisher":{"@id":"https:\/\/mindmatters4u.com\/es\/#\/schema\/person\/2d8b610a88a7f57e5a7cce9490eea9e2"},"potentialAction":[{"@type":"SearchAction","target":{"@type":"EntryPoint","urlTemplate":"https:\/\/mindmatters4u.com\/es\/?s={search_term_string}"},"query-input":{"@type":"PropertyValueSpecification","valueRequired":true,"valueName":"search_term_string"}}],"inLanguage":"es"},{"@type":["Person","Organization"],"@id":"https:\/\/mindmatters4u.com\/es\/#\/schema\/person\/2d8b610a88a7f57e5a7cce9490eea9e2","name":"Julian Carbajo Antelo","image":{"@type":"ImageObject","inLanguage":"es","@id":"https:\/\/mindmatters4u.com\/es\/#\/schema\/person\/image\/","url":"https:\/\/mindmatters4u.com\/wp-content\/uploads\/2022\/04\/Logo-Big-fococlipping-standard.png","contentUrl":"https:\/\/mindmatters4u.com\/wp-content\/uploads\/2022\/04\/Logo-Big-fococlipping-standard.png","width":500,"height":500,"caption":"Julian Carbajo Antelo"},"logo":{"@id":"https:\/\/mindmatters4u.com\/es\/#\/schema\/person\/image\/"},"sameAs":["http:\/\/mindmatters4u.com\/","https:\/\/www.facebook.com\/Mind-Matters-Hypnotherapy-112671978126559","https:\/\/www.instagram.com\/mind_matters.hypnosis\/","https:\/\/www.linkedin.com\/company\/80270887\/"]}]}},"_links":{"self":[{"href":"https:\/\/mindmatters4u.com\/es\/wp-json\/wp\/v2\/pages\/1581"}],"collection":[{"href":"https:\/\/mindmatters4u.com\/es\/wp-json\/wp\/v2\/pages"}],"about":[{"href":"https:\/\/mindmatters4u.com\/es\/wp-json\/wp\/v2\/types\/page"}],"author":[{"embeddable":true,"href":"https:\/\/mindmatters4u.com\/es\/wp-json\/wp\/v2\/users\/7777"}],"replies":[{"embeddable":true,"href":"https:\/\/mindmatters4u.com\/es\/wp-json\/wp\/v2\/comments?post=1581"}],"version-history":[{"count":9,"href":"https:\/\/mindmatters4u.com\/es\/wp-json\/wp\/v2\/pages\/1581\/revisions"}],"predecessor-version":[{"id":12283,"href":"https:\/\/mindmatters4u.com\/es\/wp-json\/wp\/v2\/pages\/1581\/revisions\/12283"}],"wp:attachment":[{"href":"https:\/\/mindmatters4u.com\/es\/wp-json\/wp\/v2\/media?parent=1581"}],"curies":[{"name":"wp","href":"https:\/\/api.w.org\/{rel}","templated":true}]}}