{"id":2311,"date":"2022-04-11T08:26:52","date_gmt":"2022-04-11T08:26:52","guid":{"rendered":"http:\/\/mindmatters4u.com\/?page_id=2311"},"modified":"2024-10-21T17:38:13","modified_gmt":"2024-10-21T17:38:13","slug":"acerca-de-mi","status":"publish","type":"page","link":"https:\/\/mindmatters4u.com\/es\/acerca-de-mi\/","title":{"rendered":"Acerca de"},"content":{"rendered":"\t\t<div data-elementor-type=\"wp-page\" data-elementor-id=\"2311\" class=\"elementor elementor-2311 elementor-310\" data-elementor-post-type=\"page\">\n\t\t\t\t\t\t<section class=\"elementor-section elementor-top-section elementor-element elementor-element-02c1f1e elementor-section-boxed elementor-section-height-default elementor-section-height-default\" data-id=\"02c1f1e\" data-element_type=\"section\" data-e-type=\"section\" data-settings=\"{&quot;background_background&quot;:&quot;classic&quot;}\">\n\t\t\t\t\t\t<div class=\"elementor-container elementor-column-gap-no\">\n\t\t\t\t\t<div class=\"elementor-column elementor-col-100 elementor-top-column elementor-element elementor-element-c28c688\" data-id=\"c28c688\" data-element_type=\"column\" data-e-type=\"column\">\n\t\t\t<div class=\"elementor-widget-wrap elementor-element-populated\">\n\t\t\t\t\t\t<div class=\"elementor-element elementor-element-8546c28 elementor-widget__width-initial elementor-absolute elementor-widget elementor-widget-heading\" data-id=\"8546c28\" data-element_type=\"widget\" data-e-type=\"widget\" data-settings=\"{&quot;_position&quot;:&quot;absolute&quot;}\" data-widget_type=\"heading.default\">\n\t\t\t\t<div class=\"elementor-widget-container\">\n\t\t\t\t\t<h1 class=\"elementor-heading-title elementor-size-default\">Acerca de m\u00ed<\/h1>\t\t\t\t<\/div>\n\t\t\t\t<\/div>\n\t\t\t\t<div class=\"elementor-element elementor-element-2939249 elementor-absolute elementor-widget elementor-widget-heading\" data-id=\"2939249\" data-element_type=\"widget\" data-e-type=\"widget\" data-settings=\"{&quot;_position&quot;:&quot;absolute&quot;}\" data-widget_type=\"heading.default\">\n\t\t\t\t<div class=\"elementor-widget-container\">\n\t\t\t\t\t<p class=\"elementor-heading-title elementor-size-default\">Acerca de m\u00ed: Mi nombre es Julian, un hipnoterapeuta y entrenador cl\u00ednico con gran experiencia. Ayudo a mis clientes a superar las dificultades de su vida <br><br><\/p>\t\t\t\t<\/div>\n\t\t\t\t<\/div>\n\t\t\t\t<div class=\"elementor-element elementor-element-bd24b03 elementor-widget elementor-widget-image\" data-id=\"bd24b03\" data-element_type=\"widget\" data-e-type=\"widget\" data-widget_type=\"image.default\">\n\t\t\t\t<div class=\"elementor-widget-container\">\n\t\t\t\t\t\t\t\t\t\t\t\t\t\t\t<img fetchpriority=\"high\" decoding=\"async\" width=\"2560\" height=\"1707\" src=\"https:\/\/mindmatters4u.com\/wp-content\/uploads\/2024\/01\/duong-thinh-1TtIITssc4w-unsplash-scaled.jpg\" class=\"attachment-full size-full wp-image-9357\" alt=\"About Julian\" srcset=\"https:\/\/mindmatters4u.com\/wp-content\/uploads\/2024\/01\/duong-thinh-1TtIITssc4w-unsplash-scaled.jpg 2560w, https:\/\/mindmatters4u.com\/wp-content\/uploads\/2024\/01\/duong-thinh-1TtIITssc4w-unsplash-300x200.jpg 300w, https:\/\/mindmatters4u.com\/wp-content\/uploads\/2024\/01\/duong-thinh-1TtIITssc4w-unsplash-1024x683.jpg 1024w, https:\/\/mindmatters4u.com\/wp-content\/uploads\/2024\/01\/duong-thinh-1TtIITssc4w-unsplash-768x512.jpg 768w, https:\/\/mindmatters4u.com\/wp-content\/uploads\/2024\/01\/duong-thinh-1TtIITssc4w-unsplash-1536x1024.jpg 1536w, https:\/\/mindmatters4u.com\/wp-content\/uploads\/2024\/01\/duong-thinh-1TtIITssc4w-unsplash-2048x1365.jpg 2048w\" sizes=\"(max-width: 2560px) 100vw, 2560px\" \/>\t\t\t\t\t\t\t\t\t\t\t\t\t\t\t<\/div>\n\t\t\t\t<\/div>\n\t\t\t\t\t<\/div>\n\t\t<\/div>\n\t\t\t\t\t<\/div>\n\t\t<\/section>\n\t\t\t\t<section class=\"elementor-section elementor-top-section elementor-element elementor-element-7d98928 elementor-section-boxed elementor-section-height-default elementor-section-height-default\" data-id=\"7d98928\" data-element_type=\"section\" data-e-type=\"section\">\n\t\t\t\t\t\t<div class=\"elementor-container elementor-column-gap-default\">\n\t\t\t\t\t<div class=\"elementor-column elementor-col-100 elementor-top-column elementor-element elementor-element-9057626\" data-id=\"9057626\" data-element_type=\"column\" data-e-type=\"column\">\n\t\t\t<div class=\"elementor-widget-wrap elementor-element-populated\">\n\t\t\t\t\t\t<div class=\"elementor-element elementor-element-b07c0cb elementor-widget elementor-widget-text-editor\" data-id=\"b07c0cb\" data-element_type=\"widget\" data-e-type=\"widget\" data-widget_type=\"text-editor.default\">\n\t\t\t\t<div class=\"elementor-widget-container\">\n\t\t\t\t\t\t\t\t\tMind Matters for you fue creado para brindar soluciones efectivas a personas de todo el mundo que buscan mejorar su salud mental y general de manera r\u00e1pida y efectiva. Mi terapia se centra en emplear un tipo de ericksoniano <a target=\"_blank\" href=\"https:\/\/mindmatters4u.com\/es\/hipnoterapia\/\" rel=\"noopener\"><span style=\"text-decoration: underline;\"><span style=\"color: #000000; text-decoration: underline;\">hipnoterapia<\/span><\/span><\/a> llamada hipnosis conversacional estrat\u00e9gica para ayudar a los clientes a abordar muchos desaf\u00edos psicol\u00f3gicos comunes. Estos incluyen el estr\u00e9s y la ansiedad, los traumas psicol\u00f3gicos, el miedo y las fobias, pero tambi\u00e9n s\u00edntomas psicosom\u00e1ticos como dolores y molestias, dolores de cabeza y malestar estomacal, que se originan por causas mentales o emocionales.\t\t\t\t\t\t\t\t<\/div>\n\t\t\t\t<\/div>\n\t\t\t\t\t<\/div>\n\t\t<\/div>\n\t\t\t\t\t<\/div>\n\t\t<\/section>\n\t\t\t\t<section class=\"elementor-section elementor-top-section elementor-element elementor-element-c32b97c elementor-section-boxed elementor-section-height-default elementor-section-height-default\" data-id=\"c32b97c\" data-element_type=\"section\" data-e-type=\"section\">\n\t\t\t\t\t\t<div class=\"elementor-container elementor-column-gap-default\">\n\t\t\t\t\t<div class=\"elementor-column elementor-col-50 elementor-top-column elementor-element elementor-element-e4cdb55\" data-id=\"e4cdb55\" data-element_type=\"column\" data-e-type=\"column\">\n\t\t\t<div class=\"elementor-widget-wrap elementor-element-populated\">\n\t\t\t\t\t\t<div class=\"elementor-element elementor-element-51b15fd elementor-widget elementor-widget-image\" data-id=\"51b15fd\" data-element_type=\"widget\" data-e-type=\"widget\" data-widget_type=\"image.default\">\n\t\t\t\t<div class=\"elementor-widget-container\">\n\t\t\t\t\t\t\t\t\t\t\t\t\t\t\t<img decoding=\"async\" width=\"768\" height=\"1152\" src=\"https:\/\/mindmatters4u.com\/wp-content\/uploads\/2022\/05\/IMG_0030-768x1152.jpeg\" class=\"attachment-medium_large size-medium_large wp-image-3091\" alt=\"about Julian\" srcset=\"https:\/\/mindmatters4u.com\/wp-content\/uploads\/2022\/05\/IMG_0030-768x1152.jpeg 768w, https:\/\/mindmatters4u.com\/wp-content\/uploads\/2022\/05\/IMG_0030-200x300.jpeg 200w, https:\/\/mindmatters4u.com\/wp-content\/uploads\/2022\/05\/IMG_0030-683x1024.jpeg 683w, https:\/\/mindmatters4u.com\/wp-content\/uploads\/2022\/05\/IMG_0030-1024x1536.jpeg 1024w, https:\/\/mindmatters4u.com\/wp-content\/uploads\/2022\/05\/IMG_0030-1365x2048.jpeg 1365w, https:\/\/mindmatters4u.com\/wp-content\/uploads\/2022\/05\/IMG_0030-scaled.jpeg 1707w\" sizes=\"(max-width: 768px) 100vw, 768px\" \/>\t\t\t\t\t\t\t\t\t\t\t\t\t\t\t<\/div>\n\t\t\t\t<\/div>\n\t\t\t\t\t<\/div>\n\t\t<\/div>\n\t\t\t\t<div class=\"elementor-column elementor-col-50 elementor-top-column elementor-element elementor-element-bdc4aa6\" data-id=\"bdc4aa6\" data-element_type=\"column\" data-e-type=\"column\">\n\t\t\t<div class=\"elementor-widget-wrap elementor-element-populated\">\n\t\t\t\t\t\t<div class=\"elementor-element elementor-element-45b2830 elementor-widget elementor-widget-text-editor\" data-id=\"45b2830\" data-element_type=\"widget\" data-e-type=\"widget\" data-widget_type=\"text-editor.default\">\n\t\t\t\t<div class=\"elementor-widget-container\">\n\t\t\t\t\t\t\t\t\tDespu\u00e9s de seguir una carrera en negocios internacionales, decid\u00ed seguir un camino diferente y m\u00e1s alineado con mis valores y mis habilidades. Realmente quer\u00eda ayudar a las personas a superar sus desaf\u00edos y luchas en la vida. Al tener experiencia en negocios, quer\u00eda encontrar una manera que fuera efectiva y donde los resultados pudieran observarse r\u00e1pidamente.\t\t\t\t\t\t\t\t<\/div>\n\t\t\t\t<\/div>\n\t\t\t\t<div class=\"elementor-element elementor-element-12dbb49 elementor-widget elementor-widget-text-editor\" data-id=\"12dbb49\" data-element_type=\"widget\" data-e-type=\"widget\" data-widget_type=\"text-editor.default\">\n\t\t\t\t<div class=\"elementor-widget-container\">\n\t\t\t\t\t\t\t\t\tMi camino comenz\u00f3 en el a\u00f1o 2016, cuando decid\u00ed formarme por primera vez como Life and Business Coach en el Leading &amp; Academia de Coaching acreditada por la Federaci\u00f3n Internacional de Coaching. Esta experiencia me ense\u00f1\u00f3 la importancia de respetar la autonom\u00eda y fomentar la iniciativa del cliente. Continu\u00e9 mi educaci\u00f3n con una Maestr\u00eda en Ciencias en Psicolog\u00eda en una Universidad Brit\u00e1nica para complementar mis conocimientos y adquirir una formaci\u00f3n y comprensi\u00f3n cient\u00edficas. Me convert\u00ed en miembro graduado de la Sociedad Brit\u00e1nica de Psicolog\u00eda, el organismo profesional l\u00edder en el Reino Unido. Durante mis estudios, conoc\u00ed la Hipnosis Conversacional Estrat\u00e9gica y decid\u00ed empezar a formarme.\t\t\t\t\t\t\t\t<\/div>\n\t\t\t\t<\/div>\n\t\t\t\t<div class=\"elementor-element elementor-element-1121cf0 elementor-widget elementor-widget-text-editor\" data-id=\"1121cf0\" data-element_type=\"widget\" data-e-type=\"widget\" data-widget_type=\"text-editor.default\">\n\t\t\t\t<div class=\"elementor-widget-container\">\n\t\t\t\t\t\t\t\t\tFormado en el Instituto Milton H. Erickson B\u00e9lgica (IMHEB), reconocido internacionalmente, un instituto acreditado de excelencia en Hipnoterapia y Psicoterapia Cl\u00ednica, me siento muy privilegiado de poder compartir mis conocimientos y mis habilidades trabajando con los clientes, ayud\u00e1ndolos a obtener una mejor calidad. de vida.\t\t\t\t\t\t\t\t<\/div>\n\t\t\t\t<\/div>\n\t\t\t\t<div class=\"elementor-element elementor-element-6d3c4f2 elementor-widget elementor-widget-text-editor\" data-id=\"6d3c4f2\" data-element_type=\"widget\" data-e-type=\"widget\" data-widget_type=\"text-editor.default\">\n\t\t\t\t<div class=\"elementor-widget-container\">\n\t\t\t\t\t\t\t\t\tOriginario de Espa\u00f1a, he vivido en varios pa\u00edses europeos como B\u00e9lgica, Reino Unido, Rusia y ahora Chipre. Trabajo en ingl\u00e9s, franc\u00e9s y espa\u00f1ol pero tambi\u00e9n hablo ruso. Ofrezco hipnoterapia en l\u00ednea para clientes de todo el mundo.\t\t\t\t\t\t\t\t<\/div>\n\t\t\t\t<\/div>\n\t\t\t\t<div class=\"elementor-element elementor-element-1938aa7 elementor-widget elementor-widget-text-editor\" data-id=\"1938aa7\" data-element_type=\"widget\" data-e-type=\"widget\" data-widget_type=\"text-editor.default\">\n\t\t\t\t<div class=\"elementor-widget-container\">\n\t\t\t\t\t\t\t\t\tHe ayudado a muchos clientes con diferentes problemas y realmente disfruto mi trabajo. Tambi\u00e9n disfruto dando charlas y realizando talleres con grupos y empresas para ayudarlos a apoyar a sus empleados y miembros con iniciativas de salud mental para fomentar el bienestar en el trabajo.\t\t\t\t\t\t\t\t<\/div>\n\t\t\t\t<\/div>\n\t\t\t\t\t<\/div>\n\t\t<\/div>\n\t\t\t\t\t<\/div>\n\t\t<\/section>\n\t\t\t\t<section class=\"elementor-section elementor-top-section elementor-element elementor-element-6b82b62c elementor-section-content-middle elementor-section-boxed elementor-section-height-default elementor-section-height-default\" data-id=\"6b82b62c\" data-element_type=\"section\" data-e-type=\"section\">\n\t\t\t\t\t\t<div class=\"elementor-container elementor-column-gap-no\">\n\t\t\t\t\t<div class=\"elementor-column elementor-col-100 elementor-top-column elementor-element elementor-element-476350ef\" data-id=\"476350ef\" data-element_type=\"column\" data-e-type=\"column\">\n\t\t\t<div class=\"elementor-widget-wrap elementor-element-populated\">\n\t\t\t\t\t\t<section class=\"elementor-section elementor-inner-section elementor-element elementor-element-5f62120f elementor-section-boxed elementor-section-height-default elementor-section-height-default\" data-id=\"5f62120f\" data-element_type=\"section\" data-e-type=\"section\">\n\t\t\t\t\t\t<div class=\"elementor-container elementor-column-gap-default\">\n\t\t\t\t\t<div class=\"elementor-column elementor-col-33 elementor-inner-column elementor-element elementor-element-7e741de8\" data-id=\"7e741de8\" data-element_type=\"column\" data-e-type=\"column\" data-settings=\"{&quot;background_background&quot;:&quot;classic&quot;}\">\n\t\t\t<div class=\"elementor-widget-wrap elementor-element-populated\">\n\t\t\t\t\t\t<div class=\"elementor-element elementor-element-9d9d43 elementor-widget elementor-widget-image\" data-id=\"9d9d43\" data-element_type=\"widget\" data-e-type=\"widget\" data-widget_type=\"image.default\">\n\t\t\t\t<div class=\"elementor-widget-container\">\n\t\t\t\t\t\t\t\t\t\t\t\t\t\t\t<img decoding=\"async\" width=\"275\" height=\"183\" src=\"https:\/\/mindmatters4u.com\/wp-content\/uploads\/2022\/05\/download-removebg-preview.png\" class=\"elementor-animation-grow attachment-large size-large wp-image-3199\" alt=\"about the British psychological society\" \/>\t\t\t\t\t\t\t\t\t\t\t\t\t\t\t<\/div>\n\t\t\t\t<\/div>\n\t\t\t\t\t<\/div>\n\t\t<\/div>\n\t\t\t\t<div class=\"elementor-column elementor-col-33 elementor-inner-column elementor-element elementor-element-77ff3c68\" data-id=\"77ff3c68\" data-element_type=\"column\" data-e-type=\"column\" data-settings=\"{&quot;background_background&quot;:&quot;classic&quot;}\">\n\t\t\t<div class=\"elementor-widget-wrap elementor-element-populated\">\n\t\t\t\t\t\t<div class=\"elementor-element elementor-element-685f25ea elementor-widget elementor-widget-image\" data-id=\"685f25ea\" data-element_type=\"widget\" data-e-type=\"widget\" data-widget_type=\"image.default\">\n\t\t\t\t<div class=\"elementor-widget-container\">\n\t\t\t\t\t\t\t\t\t\t\t\t\t\t\t<img loading=\"lazy\" decoding=\"async\" width=\"379\" height=\"186\" src=\"https:\/\/mindmatters4u.com\/wp-content\/uploads\/2022\/05\/Logo-Imheb-removebg-preview.png\" class=\"elementor-animation-grow attachment-large size-large wp-image-3201\" alt=\"About IMHEB\" srcset=\"https:\/\/mindmatters4u.com\/wp-content\/uploads\/2022\/05\/Logo-Imheb-removebg-preview.png 379w, https:\/\/mindmatters4u.com\/wp-content\/uploads\/2022\/05\/Logo-Imheb-removebg-preview-300x147.png 300w\" sizes=\"(max-width: 379px) 100vw, 379px\" \/>\t\t\t\t\t\t\t\t\t\t\t\t\t\t\t<\/div>\n\t\t\t\t<\/div>\n\t\t\t\t\t<\/div>\n\t\t<\/div>\n\t\t\t\t<div class=\"elementor-column elementor-col-33 elementor-inner-column elementor-element elementor-element-ec3c18\" data-id=\"ec3c18\" data-element_type=\"column\" data-e-type=\"column\" data-settings=\"{&quot;background_background&quot;:&quot;classic&quot;}\">\n\t\t\t<div class=\"elementor-widget-wrap elementor-element-populated\">\n\t\t\t\t\t\t<div class=\"elementor-element elementor-element-7966998e elementor-widget elementor-widget-image\" data-id=\"7966998e\" data-element_type=\"widget\" data-e-type=\"widget\" data-widget_type=\"image.default\">\n\t\t\t\t<div class=\"elementor-widget-container\">\n\t\t\t\t\t\t\t\t\t\t\t\t\t\t\t<img loading=\"lazy\" decoding=\"async\" width=\"255\" height=\"158\" src=\"https:\/\/mindmatters4u.com\/wp-content\/uploads\/2022\/05\/ACTP-removebg-preview.png\" class=\"elementor-animation-grow attachment-large size-large wp-image-3203\" alt=\"About ICF\" \/>\t\t\t\t\t\t\t\t\t\t\t\t\t\t\t<\/div>\n\t\t\t\t<\/div>\n\t\t\t\t\t<\/div>\n\t\t<\/div>\n\t\t\t\t\t<\/div>\n\t\t<\/section>\n\t\t\t\t\t<\/div>\n\t\t<\/div>\n\t\t\t\t\t<\/div>\n\t\t<\/section>\n\t\t\t\t<\/div>\n\t\t","protected":false},"excerpt":{"rendered":"<p>Acerca de m\u00ed Acerca de m\u00ed: Mi nombre es Julian, un hipnoterapeuta y entrenador cl\u00ednico con gran experiencia. Ayudo a mis clientes a superar las dificultades de su vida Mind Matters for you fue creado para brindar soluciones efectivas a personas de todo el mundo que buscan mejorar su salud mental y general de manera [&hellip;]<\/p>\n","protected":false},"author":7777,"featured_media":0,"parent":0,"menu_order":4,"comment_status":"closed","ping_status":"closed","template":"elementor_header_footer","meta":{"_monsterinsights_skip_tracking":false,"_monsterinsights_sitenote_active":false,"_monsterinsights_sitenote_note":"","_monsterinsights_sitenote_category":0,"_joinchat":[],"footnotes":""},"class_list":["post-2311","page","type-page","status-publish","hentry"],"yoast_head":"<!-- This site is optimized with the Yoast SEO plugin v25.6 - https:\/\/yoast.com\/wordpress\/plugins\/seo\/ -->\n<title>Acerca de m\u00ed: Soy Hipnoterapeuta y Coach con gran experiencia.<\/title>\n<meta name=\"description\" content=\"Acerca de mi: Soy Juli\u00e1n, un experimentado hipnoterapeuta y coach. Ayudo a mis clientes a superar sus dificultades vitales.\" \/>\n<meta name=\"robots\" content=\"index, follow, max-snippet:-1, max-image-preview:large, max-video-preview:-1\" \/>\n<link rel=\"canonical\" href=\"https:\/\/mindmatters4u.com\/es\/acerca-de-mi\/\" \/>\n<meta property=\"og:locale\" content=\"es_ES\" \/>\n<meta property=\"og:type\" content=\"article\" \/>\n<meta property=\"og:title\" content=\"Acerca de m\u00ed: Soy Hipnoterapeuta y Coach con gran experiencia.\" \/>\n<meta property=\"og:description\" content=\"Acerca de mi: Soy Juli\u00e1n, un experimentado hipnoterapeuta y coach. Ayudo a mis clientes a superar sus dificultades vitales.\" \/>\n<meta property=\"og:url\" content=\"https:\/\/mindmatters4u.com\/es\/acerca-de-mi\/\" \/>\n<meta property=\"og:site_name\" content=\"Mindmatters for you\" \/>\n<meta property=\"article:publisher\" content=\"https:\/\/www.facebook.com\/Mind-Matters-Hypnotherapy-112671978126559\" \/>\n<meta property=\"article:modified_time\" content=\"2024-10-21T17:38:13+00:00\" \/>\n<meta property=\"og:image\" content=\"https:\/\/mindmatters4u.com\/wp-content\/uploads\/2024\/01\/duong-thinh-1TtIITssc4w-unsplash-scaled.jpg\" \/>\n<meta name=\"twitter:card\" content=\"summary_large_image\" \/>\n<meta name=\"twitter:label1\" content=\"Tiempo de lectura\" \/>\n\t<meta name=\"twitter:data1\" content=\"3 minutos\" \/>\n<script type=\"application\/ld+json\" class=\"yoast-schema-graph\">{\"@context\":\"https:\/\/schema.org\",\"@graph\":[{\"@type\":[\"WebPage\",\"AboutPage\"],\"@id\":\"https:\/\/mindmatters4u.com\/es\/acerca-de-mi\/\",\"url\":\"https:\/\/mindmatters4u.com\/es\/acerca-de-mi\/\",\"name\":\"Acerca de m\u00ed: Soy Hipnoterapeuta y Coach con gran experiencia.\",\"isPartOf\":{\"@id\":\"https:\/\/mindmatters4u.com\/es\/#website\"},\"primaryImageOfPage\":{\"@id\":\"https:\/\/mindmatters4u.com\/es\/acerca-de-mi\/#primaryimage\"},\"image\":{\"@id\":\"https:\/\/mindmatters4u.com\/es\/acerca-de-mi\/#primaryimage\"},\"thumbnailUrl\":\"https:\/\/mindmatters4u.com\/wp-content\/uploads\/2024\/01\/duong-thinh-1TtIITssc4w-unsplash-scaled.jpg\",\"datePublished\":\"2022-04-11T08:26:52+00:00\",\"dateModified\":\"2024-10-21T17:38:13+00:00\",\"description\":\"Acerca de mi: Soy Juli\u00e1n, un experimentado hipnoterapeuta y coach. Ayudo a mis clientes a superar sus dificultades vitales.\",\"breadcrumb\":{\"@id\":\"https:\/\/mindmatters4u.com\/es\/acerca-de-mi\/#breadcrumb\"},\"inLanguage\":\"es\",\"potentialAction\":[{\"@type\":\"ReadAction\",\"target\":[\"https:\/\/mindmatters4u.com\/es\/acerca-de-mi\/\"]}]},{\"@type\":\"ImageObject\",\"inLanguage\":\"es\",\"@id\":\"https:\/\/mindmatters4u.com\/es\/acerca-de-mi\/#primaryimage\",\"url\":\"https:\/\/mindmatters4u.com\/wp-content\/uploads\/2024\/01\/duong-thinh-1TtIITssc4w-unsplash-scaled.jpg\",\"contentUrl\":\"https:\/\/mindmatters4u.com\/wp-content\/uploads\/2024\/01\/duong-thinh-1TtIITssc4w-unsplash-scaled.jpg\"},{\"@type\":\"BreadcrumbList\",\"@id\":\"https:\/\/mindmatters4u.com\/es\/acerca-de-mi\/#breadcrumb\",\"itemListElement\":[{\"@type\":\"ListItem\",\"position\":1,\"name\":\"Home\",\"item\":\"https:\/\/mindmatters4u.com\/es\/\"},{\"@type\":\"ListItem\",\"position\":2,\"name\":\"Acerca de\"}]},{\"@type\":\"WebSite\",\"@id\":\"https:\/\/mindmatters4u.com\/es\/#website\",\"url\":\"https:\/\/mindmatters4u.com\/es\/\",\"name\":\"Mind Matters for you\",\"description\":\"Online Hypnotherapy\",\"publisher\":{\"@id\":\"https:\/\/mindmatters4u.com\/es\/#\/schema\/person\/2d8b610a88a7f57e5a7cce9490eea9e2\"},\"potentialAction\":[{\"@type\":\"SearchAction\",\"target\":{\"@type\":\"EntryPoint\",\"urlTemplate\":\"https:\/\/mindmatters4u.com\/es\/?s={search_term_string}\"},\"query-input\":{\"@type\":\"PropertyValueSpecification\",\"valueRequired\":true,\"valueName\":\"search_term_string\"}}],\"inLanguage\":\"es\"},{\"@type\":[\"Person\",\"Organization\"],\"@id\":\"https:\/\/mindmatters4u.com\/es\/#\/schema\/person\/2d8b610a88a7f57e5a7cce9490eea9e2\",\"name\":\"Julian Carbajo Antelo\",\"image\":{\"@type\":\"ImageObject\",\"inLanguage\":\"es\",\"@id\":\"https:\/\/mindmatters4u.com\/es\/#\/schema\/person\/image\/\",\"url\":\"https:\/\/mindmatters4u.com\/wp-content\/uploads\/2022\/04\/Logo-Big-fococlipping-standard.png\",\"contentUrl\":\"https:\/\/mindmatters4u.com\/wp-content\/uploads\/2022\/04\/Logo-Big-fococlipping-standard.png\",\"width\":500,\"height\":500,\"caption\":\"Julian Carbajo Antelo\"},\"logo\":{\"@id\":\"https:\/\/mindmatters4u.com\/es\/#\/schema\/person\/image\/\"},\"sameAs\":[\"http:\/\/mindmatters4u.com\/\",\"https:\/\/www.facebook.com\/Mind-Matters-Hypnotherapy-112671978126559\",\"https:\/\/www.instagram.com\/mind_matters.hypnosis\/\",\"https:\/\/www.linkedin.com\/company\/80270887\/\"]}]}<\/script>\n<!-- \/ Yoast SEO plugin. -->","yoast_head_json":{"title":"Acerca de m\u00ed: Soy Hipnoterapeuta y Coach con gran experiencia.","description":"Acerca de mi: Soy Juli\u00e1n, un experimentado hipnoterapeuta y coach. Ayudo a mis clientes a superar sus dificultades vitales.","robots":{"index":"index","follow":"follow","max-snippet":"max-snippet:-1","max-image-preview":"max-image-preview:large","max-video-preview":"max-video-preview:-1"},"canonical":"https:\/\/mindmatters4u.com\/es\/acerca-de-mi\/","og_locale":"es_ES","og_type":"article","og_title":"Acerca de m\u00ed: Soy Hipnoterapeuta y Coach con gran experiencia.","og_description":"Acerca de mi: Soy Juli\u00e1n, un experimentado hipnoterapeuta y coach. Ayudo a mis clientes a superar sus dificultades vitales.","og_url":"https:\/\/mindmatters4u.com\/es\/acerca-de-mi\/","og_site_name":"Mindmatters for you","article_publisher":"https:\/\/www.facebook.com\/Mind-Matters-Hypnotherapy-112671978126559","article_modified_time":"2024-10-21T17:38:13+00:00","og_image":[{"url":"https:\/\/mindmatters4u.com\/wp-content\/uploads\/2024\/01\/duong-thinh-1TtIITssc4w-unsplash-scaled.jpg","type":"","width":"","height":""}],"twitter_card":"summary_large_image","twitter_misc":{"Tiempo de lectura":"3 minutos"},"schema":{"@context":"https:\/\/schema.org","@graph":[{"@type":["WebPage","AboutPage"],"@id":"https:\/\/mindmatters4u.com\/es\/acerca-de-mi\/","url":"https:\/\/mindmatters4u.com\/es\/acerca-de-mi\/","name":"Acerca de m\u00ed: Soy Hipnoterapeuta y Coach con gran experiencia.","isPartOf":{"@id":"https:\/\/mindmatters4u.com\/es\/#website"},"primaryImageOfPage":{"@id":"https:\/\/mindmatters4u.com\/es\/acerca-de-mi\/#primaryimage"},"image":{"@id":"https:\/\/mindmatters4u.com\/es\/acerca-de-mi\/#primaryimage"},"thumbnailUrl":"https:\/\/mindmatters4u.com\/wp-content\/uploads\/2024\/01\/duong-thinh-1TtIITssc4w-unsplash-scaled.jpg","datePublished":"2022-04-11T08:26:52+00:00","dateModified":"2024-10-21T17:38:13+00:00","description":"Acerca de mi: Soy Juli\u00e1n, un experimentado hipnoterapeuta y coach. Ayudo a mis clientes a superar sus dificultades vitales.","breadcrumb":{"@id":"https:\/\/mindmatters4u.com\/es\/acerca-de-mi\/#breadcrumb"},"inLanguage":"es","potentialAction":[{"@type":"ReadAction","target":["https:\/\/mindmatters4u.com\/es\/acerca-de-mi\/"]}]},{"@type":"ImageObject","inLanguage":"es","@id":"https:\/\/mindmatters4u.com\/es\/acerca-de-mi\/#primaryimage","url":"https:\/\/mindmatters4u.com\/wp-content\/uploads\/2024\/01\/duong-thinh-1TtIITssc4w-unsplash-scaled.jpg","contentUrl":"https:\/\/mindmatters4u.com\/wp-content\/uploads\/2024\/01\/duong-thinh-1TtIITssc4w-unsplash-scaled.jpg"},{"@type":"BreadcrumbList","@id":"https:\/\/mindmatters4u.com\/es\/acerca-de-mi\/#breadcrumb","itemListElement":[{"@type":"ListItem","position":1,"name":"Home","item":"https:\/\/mindmatters4u.com\/es\/"},{"@type":"ListItem","position":2,"name":"Acerca de"}]},{"@type":"WebSite","@id":"https:\/\/mindmatters4u.com\/es\/#website","url":"https:\/\/mindmatters4u.com\/es\/","name":"Mind Matters for you","description":"Online Hypnotherapy","publisher":{"@id":"https:\/\/mindmatters4u.com\/es\/#\/schema\/person\/2d8b610a88a7f57e5a7cce9490eea9e2"},"potentialAction":[{"@type":"SearchAction","target":{"@type":"EntryPoint","urlTemplate":"https:\/\/mindmatters4u.com\/es\/?s={search_term_string}"},"query-input":{"@type":"PropertyValueSpecification","valueRequired":true,"valueName":"search_term_string"}}],"inLanguage":"es"},{"@type":["Person","Organization"],"@id":"https:\/\/mindmatters4u.com\/es\/#\/schema\/person\/2d8b610a88a7f57e5a7cce9490eea9e2","name":"Julian Carbajo Antelo","image":{"@type":"ImageObject","inLanguage":"es","@id":"https:\/\/mindmatters4u.com\/es\/#\/schema\/person\/image\/","url":"https:\/\/mindmatters4u.com\/wp-content\/uploads\/2022\/04\/Logo-Big-fococlipping-standard.png","contentUrl":"https:\/\/mindmatters4u.com\/wp-content\/uploads\/2022\/04\/Logo-Big-fococlipping-standard.png","width":500,"height":500,"caption":"Julian Carbajo Antelo"},"logo":{"@id":"https:\/\/mindmatters4u.com\/es\/#\/schema\/person\/image\/"},"sameAs":["http:\/\/mindmatters4u.com\/","https:\/\/www.facebook.com\/Mind-Matters-Hypnotherapy-112671978126559","https:\/\/www.instagram.com\/mind_matters.hypnosis\/","https:\/\/www.linkedin.com\/company\/80270887\/"]}]}},"_links":{"self":[{"href":"https:\/\/mindmatters4u.com\/es\/wp-json\/wp\/v2\/pages\/2311"}],"collection":[{"href":"https:\/\/mindmatters4u.com\/es\/wp-json\/wp\/v2\/pages"}],"about":[{"href":"https:\/\/mindmatters4u.com\/es\/wp-json\/wp\/v2\/types\/page"}],"author":[{"embeddable":true,"href":"https:\/\/mindmatters4u.com\/es\/wp-json\/wp\/v2\/users\/7777"}],"replies":[{"embeddable":true,"href":"https:\/\/mindmatters4u.com\/es\/wp-json\/wp\/v2\/comments?post=2311"}],"version-history":[{"count":21,"href":"https:\/\/mindmatters4u.com\/es\/wp-json\/wp\/v2\/pages\/2311\/revisions"}],"predecessor-version":[{"id":11991,"href":"https:\/\/mindmatters4u.com\/es\/wp-json\/wp\/v2\/pages\/2311\/revisions\/11991"}],"wp:attachment":[{"href":"https:\/\/mindmatters4u.com\/es\/wp-json\/wp\/v2\/media?parent=2311"}],"curies":[{"name":"wp","href":"https:\/\/api.w.org\/{rel}","templated":true}]}}