{"id":3442,"date":"2023-05-26T00:24:03","date_gmt":"2023-05-26T00:24:03","guid":{"rendered":"https:\/\/mindmatters4u.com\/politica-de-cookies\/"},"modified":"2023-07-25T17:31:32","modified_gmt":"2023-07-25T17:31:32","slug":"politica-de-cookies","status":"publish","type":"page","link":"https:\/\/mindmatters4u.com\/es\/politica-de-cookies\/","title":{"rendered":"Pol\u00edtica de cookies"},"content":{"rendered":"\t\t<div data-elementor-type=\"wp-page\" data-elementor-id=\"3442\" class=\"elementor elementor-3442 elementor-1864\" data-elementor-post-type=\"page\">\n\t\t\t\t\t\t<section class=\"elementor-section elementor-top-section elementor-element elementor-element-eecfa62 elementor-section-boxed elementor-section-height-default elementor-section-height-default\" data-id=\"eecfa62\" data-element_type=\"section\" data-e-type=\"section\">\n\t\t\t\t\t\t<div class=\"elementor-container elementor-column-gap-default\">\n\t\t\t\t\t<div class=\"elementor-column elementor-col-100 elementor-top-column elementor-element elementor-element-9a8e34a\" data-id=\"9a8e34a\" data-element_type=\"column\" data-e-type=\"column\">\n\t\t\t<div class=\"elementor-widget-wrap elementor-element-populated\">\n\t\t\t\t\t\t<div class=\"elementor-element elementor-element-dbd1992 elementor-widget elementor-widget-text-editor\" data-id=\"dbd1992\" data-element_type=\"widget\" data-e-type=\"widget\" data-widget_type=\"text-editor.default\">\n\t\t\t\t<div class=\"elementor-widget-container\">\n\t\t\t\t\t\t\t\t\t<h1 style=\"margin-right: 0cm; margin-left: 0cm; font-size: 18pt; font-family: \"Times New Roman\", serif; font-weight: bold; color: rgb(0, 0, 0);\"><span lang=\"EN\">POL\u00cdTICA DE COOKIES<\/span><\/h1>\n<h4 style=\"margin-right: 0cm; margin-left: 0cm; font-size: 12pt; font-family: \"Times New Roman\", serif; font-weight: bold; color: rgb(0, 0, 0);\"><span class=\"blanc-space\"><span lang=\"EN\">http:\/\/mindmatters4u.com<\/span><\/span><span lang=\"EN\"><o:p><\/o:p><\/span><\/h4>\n<p style=\"margin-right: 0cm; margin-left: 0cm; font-size: 12pt; font-family: \"Times New Roman\", serif;\"><span lang=\"EN\">El acceso a este sitio web puede implicar la utilizaci\u00f3n de cookies. Las cookies son peque\u00f1as cantidades de informaci\u00f3n que se almacenan en el navegador utilizado por cada Usuario -en los diferentes dispositivos que se puedan utilizar para navegar- de manera que el servidor recuerde cierta informaci\u00f3n que posteriormente y \u00fanicamente el servidor que la implement\u00f3 leer\u00e1. Las cookies facilitan la navegaci\u00f3n, la hacen m\u00e1s f\u00e1cil y no da\u00f1an el dispositivo de navegaci\u00f3n.<o:p><\/o:p><\/span><\/p>\n<p style=\"margin-right: 0cm; margin-left: 0cm; font-size: 12pt; font-family: \"Times New Roman\", serif;\"><span lang=\"EN\">Las cookies son procedimientos autom\u00e1ticos de recogida de informaci\u00f3n relativa a las preferencias determinadas por el Usuario durante su visita al Sitio Web con el fin de reconocerle como Usuario, y personalizar su experiencia y uso del Sitio Web, pudiendo tambi\u00e9n, por ejemplo, ayudar a identificar y resolver errores.<o:p><\/o:p><\/span><\/p>\n<p style=\"margin-right: 0cm; margin-left: 0cm; font-size: 12pt; font-family: \"Times New Roman\", serif;\"><span lang=\"EN\">La informaci\u00f3n recogida a trav\u00e9s de las cookies puede incluir la fecha y hora de las visitas al sitio web, las p\u00e1ginas visitadas, el tiempo pasado en el sitio web y los sitios visitados justo antes y despu\u00e9s. Sin embargo, ninguna cookie le permite ponerse en contacto con el n\u00famero de tel\u00e9fono del Usuario o cualquier otro medio de contacto personal. Ninguna cookie puede extraer informaci\u00f3n del disco duro del Usuario ni robar informaci\u00f3n personal. La \u00fanica forma de que la informaci\u00f3n privada del usuario pase a formar parte del archivo Cookie es que el usuario proporcione personalmente esa informaci\u00f3n al servidor.<o:p><\/o:p><\/span><\/p>\n<p style=\"margin-right: 0cm; margin-left: 0cm; font-size: 12pt; font-family: \"Times New Roman\", serif;\"><span lang=\"EN\">Las cookies que permiten identificar a una persona se consideran datos personales. Por lo tanto, se les aplicar\u00e1 la Pol\u00edtica de Privacidad descrita anteriormente. En este sentido, para la utilizaci\u00f3n de los mismos ser\u00e1 necesario el consentimiento del Usuario. Este consentimiento se comunicar\u00e1, basado en una elecci\u00f3n aut\u00e9ntica, ofrecida mediante una decisi\u00f3n afirmativa y positiva, antes del tratamiento inicial, extra\u00edble y documentado.<o:p><\/o:p><\/span><\/p>\n<h4 style=\"margin-right: 0cm; margin-left: 0cm; font-size: 12pt; font-family: \"Times New Roman\", serif; font-weight: bold; color: rgb(0, 0, 0);\"><span lang=\"EN\">Galletas propias<o:p><\/o:p><\/span><\/h4>\n<p style=\"margin-right: 0cm; margin-left: 0cm; font-size: 12pt; font-family: \"Times New Roman\", serif;\"><span lang=\"EN\">Se trata de cookies que son enviadas al ordenador o dispositivo del Usuario y gestionadas exclusivamente por <span class=\"blanc-space\">Mind Matters <\/span>para el mejor funcionamiento del Sitio Web. La informaci\u00f3n recopilada se utiliza para mejorar la calidad del sitio web y su contenido, as\u00ed como su experiencia como usuario. Estas cookies permiten reconocer al Usuario como visitante recurrente del Sitio Web y adaptar el contenido para ofrecerle contenidos que se ajusten a sus preferencias.<o:p><\/o:p><\/span><\/p>\n<h4 style=\"margin-right: 0cm; margin-left: 0cm; font-size: 12pt; font-family: \"Times New Roman\", serif; font-weight: bold; color: rgb(0, 0, 0);\"><span lang=\"EN\">Cookies de terceros<o:p><\/o:p><\/span><\/h4>\n<p style=\"margin-right: 0cm; margin-left: 0cm; font-size: 12pt; font-family: \"Times New Roman\", serif;\"><span lang=\"EN\">Son cookies utilizadas y gestionadas por entidades externas que prestan a <span class=\"blanc-space\">Mind Matters <\/span>servicios solicitados por \u00e9sta para mejorar el Sitio Web y la experiencia del usuario al navegar por el Sitio Web. Los principales objetivos para los que se utilizan las cookies de terceros son obtener estad\u00edsticas de acceso y analizar la informaci\u00f3n de navegaci\u00f3n, es decir, c\u00f3mo interact\u00faa el Usuario con el Sitio Web.<o:p><\/o:p><\/span><\/p>\n<p style=\"margin-right: 0cm; margin-left: 0cm; font-size: 12pt; font-family: \"Times New Roman\", serif;\"><span lang=\"EN\">La informaci\u00f3n obtenida hace referencia, por ejemplo, al n\u00famero de p\u00e1ginas visitadas, el idioma, el lugar al que est\u00e1 asignada la direcci\u00f3n IP desde la que accede el Usuario, el n\u00famero de Usuarios que acceden, la frecuencia y reincidencia de las visitas, el tiempo de visita, el navegador que usan, el operador o tipo de dispositivo desde el que se realiza la visita. Esta informaci\u00f3n se utiliza para mejorar el Sitio Web, y detectar nuevas necesidades para ofrecer a los Usuarios un Contenido y\/o servicio de \u00f3ptima calidad. En cualquier caso, la informaci\u00f3n se recoge de forma an\u00f3nima y los informes de tendencias del sitio web se elaboran sin identificar a usuarios individuales.<o:p><\/o:p><\/span><\/p>\n<p style=\"margin-right: 0cm; margin-left: 0cm; font-size: 12pt; font-family: \"Times New Roman\", serif;\"><span lang=\"EN\">Puede obtener m\u00e1s informaci\u00f3n sobre las cookies, informaci\u00f3n sobre privacidad, o consultar la descripci\u00f3n del tipo de cookies utilizadas, sus principales caracter\u00edsticas, plazo de caducidad, etc. en el\/los siguiente\/s enlace\/s:<o:p><\/o:p><\/span><\/p>\n<p class=\"text-wrap\" style=\"margin-right: 0cm; margin-left: 0cm; font-size: 12pt; font-family: \"Times New Roman\", serif;\"><span lang=\"EN\" style=\"font-size: 10pt; font-family: \"Courier New\";\">Google analytics: https:\/\/developers.google.com\/analytics\/<o:p><\/o:p><\/span><\/p>\n<p style=\"margin-right: 0cm; margin-left: 0cm; font-size: 12pt; font-family: \"Times New Roman\", serif;\"><span lang=\"EN\">La(s) entidad(es) encargada(s) de suministrar las cookies podr\u00e1(n) ceder esta informaci\u00f3n a terceros, siempre y cuando lo exija la ley o se trate de un tercero que procese esta informaci\u00f3n para dichas entidades.<o:p><\/o:p><\/span><\/p>\n<h4 style=\"margin-right: 0cm; margin-left: 0cm; font-size: 12pt; font-family: \"Times New Roman\", serif; font-weight: bold; color: rgb(0, 0, 0);\"><span lang=\"EN\">Cookies de redes sociales<o:p><\/o:p><\/span><\/h4>\n<p style=\"margin-right: 0cm; margin-left: 0cm; font-size: 12pt; font-family: \"Times New Roman\", serif;\"><span class=\"blanc-space\"><span lang=\"EN\">La mente importa <\/span><\/span><span lang=\"EN\">incorpora plugins de redes sociales, que permiten acceder a ellas desde el Sitio Web. Por este motivo, las cookies de las redes sociales pueden almacenarse en el navegador del Usuario. Los propietarios de estas redes sociales tienen sus propias pol\u00edticas de protecci\u00f3n de datos y de cookies, siendo ellos mismos, en cada caso, los responsables de sus propios ficheros y de sus propias pr\u00e1cticas de privacidad. El Usuario deber\u00e1 remitirse a las mismas para conocer dichas cookies y, en su caso, el tratamiento de sus datos personales. A t\u00edtulo meramente informativo, a continuaci\u00f3n se indican los enlaces donde pueden consultarse estas pol\u00edticas de privacidad y\/o cookies:<o:p><\/o:p><\/span><\/p>\n<ul type=\"disc\" style=\"margin-bottom: 0cm; font-size: medium;\">\n<li class=\"MsoNormal\" style=\"margin: 0cm; font-size: 12pt; font-family: \"Times New Roman\", serif;\"><span lang=\"EN\">Facebook: <\/span><span lang=\"EN\"><a href=\"https:\/\/www.facebook.com\/policies\/cookies\/\" style=\"color: blue; text-decoration-line: underline;\">https:\/\/www.facebook.com\/policies\/cookies\/<\/a><\/span><span lang=\"EN\"><o:p><\/o:p><\/span><\/li>\n<li class=\"MsoNormal\" style=\"margin: 0cm; font-size: 12pt; font-family: \"Times New Roman\", serif;\"><span lang=\"EN\">Twitter: <\/span><span lang=\"EN\"><a href=\"https:\/\/twitter.com\/es\/privacy\" style=\"color: blue; text-decoration-line: underline;\">https:\/\/twitter.com\/es\/privacy<\/a><\/span><span lang=\"EN\"><o:p><\/o:p><\/span><\/li>\n<li class=\"MsoNormal\" style=\"margin: 0cm; font-size: 12pt; font-family: \"Times New Roman\", serif;\"><span lang=\"EN\">Instagram: <\/span><span lang=\"EN\"><a href=\"https:\/\/help.instagram.com\/1896641480634370?ref=ig\" style=\"color: blue; text-decoration-line: underline;\">https:\/\/help.instagram.com\/1896641480634370?ref=ig<\/a><\/span><span lang=\"EN\"><o:p><\/o:p><\/span><\/li>\n<li class=\"MsoNormal\" style=\"margin: 0cm; font-size: 12pt; font-family: \"Times New Roman\", serif;\"><span lang=\"EN\">YouTube: <\/span><span lang=\"EN\"><a href=\"https:\/\/policies.google.com\/privacy?hl=es-419&amp;gl=mx\" style=\"color: blue; text-decoration-line: underline;\">https:\/\/policies.google.com\/privacy?hl=es-419&amp;gl=mx<\/a><\/span><span lang=\"EN\"><o:p><\/o:p><\/span><\/li>\n<li class=\"MsoNormal\" style=\"margin: 0cm; font-size: 12pt; font-family: \"Times New Roman\", serif;\"><span lang=\"ES\">Pinterest: <\/span><span lang=\"EN\"><a href=\"https:\/\/policy.pinterest.com\/es\/privacy-policy\" style=\"color: blue; text-decoration-line: underline;\"><span lang=\"ES\">https:\/\/policy.pinterest.com\/es\/privacy-policy<\/span><\/a><\/span><span lang=\"ES\"><o:p><\/o:p><\/span><\/li>\n<li class=\"MsoNormal\" style=\"margin: 0cm; font-size: 12pt; font-family: \"Times New Roman\", serif;\"><span lang=\"EN\">LinkedIn: <\/span><span lang=\"EN\"><a href=\"https:\/\/www.linkedin.com\/legal\/cookie-policy?trk=hp-cookies\" style=\"color: blue; text-decoration-line: underline;\">https:\/\/www.linkedin.com\/legal\/cookie-policy?trk=hp-cookies<\/a><\/span><span lang=\"EN\"><o:p><\/o:p><\/span><\/li>\n<\/ul>\n<h4 style=\"margin-right: 0cm; margin-left: 0cm; font-size: 12pt; font-family: \"Times New Roman\", serif; font-weight: bold; color: rgb(0, 0, 0);\"><span lang=\"EN\">Desactivar, rechazar y eliminar cookies<o:p><\/o:p><\/span><\/h4>\n<p style=\"margin-right: 0cm; margin-left: 0cm; font-size: 12pt; font-family: \"Times New Roman\", serif;\"><span lang=\"EN\">El Usuario puede deshabilitar, rechazar y eliminar las cookies -total o parcialmente- instaladas en su dispositivo a trav\u00e9s de la configuraci\u00f3n de su navegador (entre los que se encuentran, por ejemplo, Chrome, Firefox, Safari, Explorer). En este sentido, los procedimientos para rechazar y eliminar cookies pueden diferir de un navegador de Internet a otro. En consecuencia, el Usuario deber\u00e1 seguir las instrucciones proporcionadas por el navegador de Internet que est\u00e9 utilizando. En el caso de que rechace el uso de cookies -total o parcialmente- podr\u00e1 seguir utilizando el Sitio Web, aunque el uso de algunas de sus funcionalidades podr\u00e1 ser limitado.<o:p><\/o:p><\/span><\/p>\n<p><span style=\"font-family: \"Times New Roman\", serif; font-size: 12pt; color: var( --e-global-color-text ); font-style: var( --e-global-typography-text-font-style ); font-weight: var( --e-global-typography-text-font-weight ); letter-spacing: var( --e-global-typography-text-letter-spacing );\">Este documento de Pol\u00edtica de Cookies ha sido creado el 06\/06\/2023.<\/span>Lorem ipsum dolor sit amet, consectetur adipiscing elit. Ut elit tellus, luctus nec ullamcorper mattis, pulvinar dapibus leo.<\/p>\t\t\t\t\t\t\t\t<\/div>\n\t\t\t\t<\/div>\n\t\t\t\t\t<\/div>\n\t\t<\/div>\n\t\t\t\t\t<\/div>\n\t\t<\/section>\n\t\t\t\t<\/div>\n\t\t","protected":false},"excerpt":{"rendered":"<p>POL\u00cdTICA DE COOKIES http:\/\/mindmatters4u.com El acceso a este sitio web puede implicar la utilizaci\u00f3n de cookies. Las cookies son peque\u00f1as cantidades de informaci\u00f3n que se almacenan en el navegador utilizado por cada Usuario -en los diferentes dispositivos que se puedan utilizar para navegar- de manera que el servidor recuerde cierta informaci\u00f3n que posteriormente y \u00fanicamente [&hellip;]<\/p>\n","protected":false},"author":7778,"featured_media":0,"parent":0,"menu_order":9,"comment_status":"closed","ping_status":"closed","template":"","meta":{"_monsterinsights_skip_tracking":false,"_monsterinsights_sitenote_active":false,"_monsterinsights_sitenote_note":"","_monsterinsights_sitenote_category":0,"_joinchat":[],"footnotes":""},"class_list":["post-3442","page","type-page","status-publish","hentry"],"yoast_head":"<!-- This site is optimized with the Yoast SEO plugin v25.6 - https:\/\/yoast.com\/wordpress\/plugins\/seo\/ -->\n<title>Pol\u00edtica de cookies - Mindmatters for you<\/title>\n<meta name=\"description\" content=\"Pol\u00edtica de cookies. Cookies propias, cookies de terceros, cookies de redes sociales, Desactivar, rechazar y eliminar cookies.\" \/>\n<meta name=\"robots\" content=\"noindex, follow\" \/>\n<meta property=\"og:locale\" content=\"es_ES\" \/>\n<meta property=\"og:type\" content=\"article\" \/>\n<meta property=\"og:title\" content=\"Pol\u00edtica de cookies - Mindmatters for you\" \/>\n<meta property=\"og:description\" content=\"Pol\u00edtica de cookies. Cookies propias, cookies de terceros, cookies de redes sociales, Desactivar, rechazar y eliminar cookies.\" \/>\n<meta property=\"og:url\" content=\"https:\/\/mindmatters4u.com\/es\/politica-de-cookies\/\" \/>\n<meta property=\"og:site_name\" content=\"Mindmatters for you\" \/>\n<meta property=\"article:publisher\" content=\"https:\/\/www.facebook.com\/Mind-Matters-Hypnotherapy-112671978126559\" \/>\n<meta property=\"article:modified_time\" content=\"2023-07-25T17:31:32+00:00\" \/>\n<meta name=\"twitter:card\" content=\"summary_large_image\" \/>\n<meta name=\"twitter:label1\" content=\"Tiempo de lectura\" \/>\n\t<meta name=\"twitter:data1\" content=\"5 minutos\" \/>\n<script type=\"application\/ld+json\" class=\"yoast-schema-graph\">{\"@context\":\"https:\/\/schema.org\",\"@graph\":[{\"@type\":\"WebPage\",\"@id\":\"https:\/\/mindmatters4u.com\/es\/politica-de-cookies\/\",\"url\":\"https:\/\/mindmatters4u.com\/es\/politica-de-cookies\/\",\"name\":\"Pol\u00edtica de cookies - Mindmatters for you\",\"isPartOf\":{\"@id\":\"https:\/\/mindmatters4u.com\/es\/#website\"},\"datePublished\":\"2023-05-26T00:24:03+00:00\",\"dateModified\":\"2023-07-25T17:31:32+00:00\",\"description\":\"Pol\u00edtica de cookies. Cookies propias, cookies de terceros, cookies de redes sociales, Desactivar, rechazar y eliminar cookies.\",\"breadcrumb\":{\"@id\":\"https:\/\/mindmatters4u.com\/es\/politica-de-cookies\/#breadcrumb\"},\"inLanguage\":\"es\",\"potentialAction\":[{\"@type\":\"ReadAction\",\"target\":[\"https:\/\/mindmatters4u.com\/es\/politica-de-cookies\/\"]}]},{\"@type\":\"BreadcrumbList\",\"@id\":\"https:\/\/mindmatters4u.com\/es\/politica-de-cookies\/#breadcrumb\",\"itemListElement\":[{\"@type\":\"ListItem\",\"position\":1,\"name\":\"Home\",\"item\":\"https:\/\/mindmatters4u.com\/es\/\"},{\"@type\":\"ListItem\",\"position\":2,\"name\":\"Pol\u00edtica de cookies\"}]},{\"@type\":\"WebSite\",\"@id\":\"https:\/\/mindmatters4u.com\/es\/#website\",\"url\":\"https:\/\/mindmatters4u.com\/es\/\",\"name\":\"Mind Matters for you\",\"description\":\"Online Hypnotherapy\",\"publisher\":{\"@id\":\"https:\/\/mindmatters4u.com\/es\/#\/schema\/person\/2d8b610a88a7f57e5a7cce9490eea9e2\"},\"potentialAction\":[{\"@type\":\"SearchAction\",\"target\":{\"@type\":\"EntryPoint\",\"urlTemplate\":\"https:\/\/mindmatters4u.com\/es\/?s={search_term_string}\"},\"query-input\":{\"@type\":\"PropertyValueSpecification\",\"valueRequired\":true,\"valueName\":\"search_term_string\"}}],\"inLanguage\":\"es\"},{\"@type\":[\"Person\",\"Organization\"],\"@id\":\"https:\/\/mindmatters4u.com\/es\/#\/schema\/person\/2d8b610a88a7f57e5a7cce9490eea9e2\",\"name\":\"Julian Carbajo Antelo\",\"image\":{\"@type\":\"ImageObject\",\"inLanguage\":\"es\",\"@id\":\"https:\/\/mindmatters4u.com\/es\/#\/schema\/person\/image\/\",\"url\":\"https:\/\/mindmatters4u.com\/wp-content\/uploads\/2022\/04\/Logo-Big-fococlipping-standard.png\",\"contentUrl\":\"https:\/\/mindmatters4u.com\/wp-content\/uploads\/2022\/04\/Logo-Big-fococlipping-standard.png\",\"width\":500,\"height\":500,\"caption\":\"Julian Carbajo Antelo\"},\"logo\":{\"@id\":\"https:\/\/mindmatters4u.com\/es\/#\/schema\/person\/image\/\"},\"sameAs\":[\"http:\/\/mindmatters4u.com\/\",\"https:\/\/www.facebook.com\/Mind-Matters-Hypnotherapy-112671978126559\",\"https:\/\/www.instagram.com\/mind_matters.hypnosis\/\",\"https:\/\/www.linkedin.com\/company\/80270887\/\"]}]}<\/script>\n<!-- \/ Yoast SEO plugin. -->","yoast_head_json":{"title":"Pol\u00edtica de cookies - Mindmatters for you","description":"Pol\u00edtica de cookies. Cookies propias, cookies de terceros, cookies de redes sociales, Desactivar, rechazar y eliminar cookies.","robots":{"index":"noindex","follow":"follow"},"og_locale":"es_ES","og_type":"article","og_title":"Pol\u00edtica de cookies - Mindmatters for you","og_description":"Pol\u00edtica de cookies. Cookies propias, cookies de terceros, cookies de redes sociales, Desactivar, rechazar y eliminar cookies.","og_url":"https:\/\/mindmatters4u.com\/es\/politica-de-cookies\/","og_site_name":"Mindmatters for you","article_publisher":"https:\/\/www.facebook.com\/Mind-Matters-Hypnotherapy-112671978126559","article_modified_time":"2023-07-25T17:31:32+00:00","twitter_card":"summary_large_image","twitter_misc":{"Tiempo de lectura":"5 minutos"},"schema":{"@context":"https:\/\/schema.org","@graph":[{"@type":"WebPage","@id":"https:\/\/mindmatters4u.com\/es\/politica-de-cookies\/","url":"https:\/\/mindmatters4u.com\/es\/politica-de-cookies\/","name":"Pol\u00edtica de cookies - Mindmatters for you","isPartOf":{"@id":"https:\/\/mindmatters4u.com\/es\/#website"},"datePublished":"2023-05-26T00:24:03+00:00","dateModified":"2023-07-25T17:31:32+00:00","description":"Pol\u00edtica de cookies. Cookies propias, cookies de terceros, cookies de redes sociales, Desactivar, rechazar y eliminar cookies.","breadcrumb":{"@id":"https:\/\/mindmatters4u.com\/es\/politica-de-cookies\/#breadcrumb"},"inLanguage":"es","potentialAction":[{"@type":"ReadAction","target":["https:\/\/mindmatters4u.com\/es\/politica-de-cookies\/"]}]},{"@type":"BreadcrumbList","@id":"https:\/\/mindmatters4u.com\/es\/politica-de-cookies\/#breadcrumb","itemListElement":[{"@type":"ListItem","position":1,"name":"Home","item":"https:\/\/mindmatters4u.com\/es\/"},{"@type":"ListItem","position":2,"name":"Pol\u00edtica de cookies"}]},{"@type":"WebSite","@id":"https:\/\/mindmatters4u.com\/es\/#website","url":"https:\/\/mindmatters4u.com\/es\/","name":"Mind Matters for you","description":"Online Hypnotherapy","publisher":{"@id":"https:\/\/mindmatters4u.com\/es\/#\/schema\/person\/2d8b610a88a7f57e5a7cce9490eea9e2"},"potentialAction":[{"@type":"SearchAction","target":{"@type":"EntryPoint","urlTemplate":"https:\/\/mindmatters4u.com\/es\/?s={search_term_string}"},"query-input":{"@type":"PropertyValueSpecification","valueRequired":true,"valueName":"search_term_string"}}],"inLanguage":"es"},{"@type":["Person","Organization"],"@id":"https:\/\/mindmatters4u.com\/es\/#\/schema\/person\/2d8b610a88a7f57e5a7cce9490eea9e2","name":"Julian Carbajo Antelo","image":{"@type":"ImageObject","inLanguage":"es","@id":"https:\/\/mindmatters4u.com\/es\/#\/schema\/person\/image\/","url":"https:\/\/mindmatters4u.com\/wp-content\/uploads\/2022\/04\/Logo-Big-fococlipping-standard.png","contentUrl":"https:\/\/mindmatters4u.com\/wp-content\/uploads\/2022\/04\/Logo-Big-fococlipping-standard.png","width":500,"height":500,"caption":"Julian Carbajo Antelo"},"logo":{"@id":"https:\/\/mindmatters4u.com\/es\/#\/schema\/person\/image\/"},"sameAs":["http:\/\/mindmatters4u.com\/","https:\/\/www.facebook.com\/Mind-Matters-Hypnotherapy-112671978126559","https:\/\/www.instagram.com\/mind_matters.hypnosis\/","https:\/\/www.linkedin.com\/company\/80270887\/"]}]}},"_links":{"self":[{"href":"https:\/\/mindmatters4u.com\/es\/wp-json\/wp\/v2\/pages\/3442"}],"collection":[{"href":"https:\/\/mindmatters4u.com\/es\/wp-json\/wp\/v2\/pages"}],"about":[{"href":"https:\/\/mindmatters4u.com\/es\/wp-json\/wp\/v2\/types\/page"}],"author":[{"embeddable":true,"href":"https:\/\/mindmatters4u.com\/es\/wp-json\/wp\/v2\/users\/7778"}],"replies":[{"embeddable":true,"href":"https:\/\/mindmatters4u.com\/es\/wp-json\/wp\/v2\/comments?post=3442"}],"version-history":[{"count":0,"href":"https:\/\/mindmatters4u.com\/es\/wp-json\/wp\/v2\/pages\/3442\/revisions"}],"wp:attachment":[{"href":"https:\/\/mindmatters4u.com\/es\/wp-json\/wp\/v2\/media?parent=3442"}],"curies":[{"name":"wp","href":"https:\/\/api.w.org\/{rel}","templated":true}]}}