{"id":1586,"date":"2022-04-11T08:26:51","date_gmt":"2022-04-11T08:26:51","guid":{"rendered":"http:\/\/mindmatters4u.com\/?page_id=1586"},"modified":"2024-02-24T14:39:19","modified_gmt":"2024-02-24T14:39:19","slug":"contact","status":"publish","type":"page","link":"https:\/\/mindmatters4u.com\/fr\/contact\/","title":{"rendered":"Contact"},"content":{"rendered":"\t\t<div data-elementor-type=\"wp-page\" data-elementor-id=\"1586\" class=\"elementor elementor-1586 elementor-298\" data-elementor-post-type=\"page\">\n\t\t\t\t\t\t<section class=\"elementor-section elementor-top-section elementor-element elementor-element-9769405 elementor-section-boxed elementor-section-height-default elementor-section-height-default\" data-id=\"9769405\" data-element_type=\"section\" data-e-type=\"section\" data-settings=\"{&quot;background_background&quot;:&quot;classic&quot;}\">\n\t\t\t\t\t\t<div class=\"elementor-container elementor-column-gap-no\">\n\t\t\t\t\t<div class=\"elementor-column elementor-col-100 elementor-top-column elementor-element elementor-element-f167b94\" data-id=\"f167b94\" data-element_type=\"column\" data-e-type=\"column\">\n\t\t\t<div class=\"elementor-widget-wrap elementor-element-populated\">\n\t\t\t\t\t\t<div class=\"elementor-element elementor-element-fbba813 elementor-widget__width-initial elementor-absolute elementor-widget elementor-widget-heading\" data-id=\"fbba813\" data-element_type=\"widget\" data-e-type=\"widget\" data-settings=\"{&quot;_position&quot;:&quot;absolute&quot;}\" data-widget_type=\"heading.default\">\n\t\t\t\t<div class=\"elementor-widget-container\">\n\t\t\t\t\t<h1 class=\"elementor-heading-title elementor-size-default\">Contactez moi<\/h1>\t\t\t\t<\/div>\n\t\t\t\t<\/div>\n\t\t\t\t<div class=\"elementor-element elementor-element-dd345fa elementor-absolute elementor-widget elementor-widget-heading\" data-id=\"dd345fa\" data-element_type=\"widget\" data-e-type=\"widget\" data-settings=\"{&quot;_position&quot;:&quot;absolute&quot;}\" data-widget_type=\"heading.default\">\n\t\t\t\t<div class=\"elementor-widget-container\">\n\t\t\t\t\t<h2 class=\"elementor-heading-title elementor-size-default\">Parlons de vos besoins. Contactez-moi pour un premier chat gratuit et nous serons heureux de r\u00e9pondre \u00e0 toutes vos questions.<\/h2>\t\t\t\t<\/div>\n\t\t\t\t<\/div>\n\t\t\t\t<div class=\"elementor-element elementor-element-738116a elementor-widget elementor-widget-image\" data-id=\"738116a\" data-element_type=\"widget\" data-e-type=\"widget\" data-widget_type=\"image.default\">\n\t\t\t\t<div class=\"elementor-widget-container\">\n\t\t\t\t\t\t\t\t\t\t\t\t\t\t\t<img fetchpriority=\"high\" decoding=\"async\" width=\"2560\" height=\"1704\" src=\"https:\/\/mindmatters4u.com\/wp-content\/uploads\/2024\/01\/frank-mckenna-8bRf_BmjbpU-unsplash-scaled.jpg\" class=\"attachment-full size-full wp-image-9193\" alt=\"About me\" srcset=\"https:\/\/mindmatters4u.com\/wp-content\/uploads\/2024\/01\/frank-mckenna-8bRf_BmjbpU-unsplash-scaled.jpg 2560w, https:\/\/mindmatters4u.com\/wp-content\/uploads\/2024\/01\/frank-mckenna-8bRf_BmjbpU-unsplash-300x200.jpg 300w, https:\/\/mindmatters4u.com\/wp-content\/uploads\/2024\/01\/frank-mckenna-8bRf_BmjbpU-unsplash-1024x682.jpg 1024w, https:\/\/mindmatters4u.com\/wp-content\/uploads\/2024\/01\/frank-mckenna-8bRf_BmjbpU-unsplash-768x511.jpg 768w, https:\/\/mindmatters4u.com\/wp-content\/uploads\/2024\/01\/frank-mckenna-8bRf_BmjbpU-unsplash-1536x1022.jpg 1536w, https:\/\/mindmatters4u.com\/wp-content\/uploads\/2024\/01\/frank-mckenna-8bRf_BmjbpU-unsplash-2048x1363.jpg 2048w\" sizes=\"(max-width: 2560px) 100vw, 2560px\" \/>\t\t\t\t\t\t\t\t\t\t\t\t\t\t\t<\/div>\n\t\t\t\t<\/div>\n\t\t\t\t\t<\/div>\n\t\t<\/div>\n\t\t\t\t\t<\/div>\n\t\t<\/section>\n\t\t\t\t<section class=\"elementor-section elementor-top-section elementor-element elementor-element-ea2ccdc elementor-section-boxed elementor-section-height-default elementor-section-height-default\" data-id=\"ea2ccdc\" data-element_type=\"section\" data-e-type=\"section\">\n\t\t\t\t\t\t<div class=\"elementor-container elementor-column-gap-default\">\n\t\t\t\t\t<div class=\"elementor-column elementor-col-100 elementor-top-column elementor-element elementor-element-f500e46\" data-id=\"f500e46\" data-element_type=\"column\" data-e-type=\"column\">\n\t\t\t<div class=\"elementor-widget-wrap elementor-element-populated\">\n\t\t\t\t\t\t<div class=\"elementor-element elementor-element-7d88d4c elementor-widget elementor-widget-text-editor\" data-id=\"7d88d4c\" data-element_type=\"widget\" data-e-type=\"widget\" data-widget_type=\"text-editor.default\">\n\t\t\t\t<div class=\"elementor-widget-container\">\n\t\t\t\t\t\t\t\t\tBienvenue dans un espace d\u00e9di\u00e9 au bien-\u00eatre et \u00e0 la transformation positive. Si vous \u00eates pr\u00eat \u00e0 faire le premier pas vers une vie plus saine et plus heureuse, contactez-nous via les coordonn\u00e9es fournies. En tant que praticien chevronn\u00e9 du <a target=\"_blank\" href=\"https:\/\/mindmatters4u.com\/fr\/hypnotherapie\/\" rel=\"noopener\"><span style=\"text-decoration: underline;\"><span style= \"color: #000000; text-decoration: underline;\">hypnoth\u00e9rapie<\/span><\/span><\/a> et coaching, ma mission est de soulager un large \u00e9ventail de d\u00e9fis, en offrant une approche personnalis\u00e9e \u00e0 chaque individu. .\t\t\t\t\t\t\t\t<\/div>\n\t\t\t\t<\/div>\n\t\t\t\t\t<\/div>\n\t\t<\/div>\n\t\t\t\t\t<\/div>\n\t\t<\/section>\n\t\t<div class=\"elementor-element elementor-element-1c992be e-flex e-con-boxed e-con e-parent\" data-id=\"1c992be\" data-element_type=\"container\" data-e-type=\"container\">\n\t\t\t\t\t<div class=\"e-con-inner\">\n\t\t<div class=\"elementor-element elementor-element-8589891 e-con-full e-flex e-con e-child\" data-id=\"8589891\" data-element_type=\"container\" data-e-type=\"container\">\n\t\t\t\t<div class=\"elementor-element elementor-element-fb37256 elementor-widget elementor-widget-image\" data-id=\"fb37256\" data-element_type=\"widget\" data-e-type=\"widget\" data-widget_type=\"image.default\">\n\t\t\t\t<div class=\"elementor-widget-container\">\n\t\t\t\t\t\t\t\t\t\t\t\t\t\t\t<img decoding=\"async\" width=\"683\" height=\"1024\" src=\"https:\/\/mindmatters4u.com\/wp-content\/uploads\/2022\/05\/IMG_0013-683x1024.jpeg\" class=\"attachment-large size-large wp-image-3092\" alt=\"Contact Julian Carbajo\" srcset=\"https:\/\/mindmatters4u.com\/wp-content\/uploads\/2022\/05\/IMG_0013-683x1024.jpeg 683w, https:\/\/mindmatters4u.com\/wp-content\/uploads\/2022\/05\/IMG_0013-200x300.jpeg 200w, https:\/\/mindmatters4u.com\/wp-content\/uploads\/2022\/05\/IMG_0013-768x1152.jpeg 768w, https:\/\/mindmatters4u.com\/wp-content\/uploads\/2022\/05\/IMG_0013-1024x1536.jpeg 1024w, https:\/\/mindmatters4u.com\/wp-content\/uploads\/2022\/05\/IMG_0013-1365x2048.jpeg 1365w, https:\/\/mindmatters4u.com\/wp-content\/uploads\/2022\/05\/IMG_0013-scaled.jpeg 1707w\" sizes=\"(max-width: 683px) 100vw, 683px\" \/>\t\t\t\t\t\t\t\t\t\t\t\t\t\t\t<\/div>\n\t\t\t\t<\/div>\n\t\t\t\t<\/div>\n\t\t<div class=\"elementor-element elementor-element-38092b4 e-con-full e-flex e-con e-child\" data-id=\"38092b4\" data-element_type=\"container\" data-e-type=\"container\">\n\t\t\t\t<div class=\"elementor-element elementor-element-d575085 elementor-widget elementor-widget-text-editor\" data-id=\"d575085\" data-element_type=\"widget\" data-e-type=\"widget\" data-widget_type=\"text-editor.default\">\n\t\t\t\t<div class=\"elementor-widget-container\">\n\t\t\t\t\t\t\t\t\t<p>Con\u00e7ue avec pr\u00e9cision, mon approche holistique est con\u00e7ue pour r\u00e9pondre au stress, \u00e0 l\u2019anxi\u00e9t\u00e9, aux changements de comportement et \u00e0 diverses autres pr\u00e9occupations. M\u00eame si votre probl\u00e8me sp\u00e9cifique n&rsquo;est pas explicitement mentionn\u00e9 sur ce site, ne vous inqui\u00e9tez pas : le vaste \u00e9ventail de pathologies traitables par l&rsquo;hypnoth\u00e9rapie garantit que les solutions sont \u00e0 port\u00e9e de main. Contactez-moi et je vous fournirai des informations pr\u00e9cieuses sur la mani\u00e8re dont je pourrais vous aider dans votre voyage unique vers un changement positif.<\/p>\n<p>&nbsp;<\/p>\n<p>M\u00eame si les r\u00e9sultats varient naturellement d\u2019une personne \u00e0 l\u2019autre, mon engagement reste constant. Chaque client re\u00e7oit toute l&rsquo;attention et j&rsquo;investis 100&nbsp;% d&rsquo;efforts dans chaque s\u00e9ance, soulignant la nature personnalis\u00e9e de notre travail collaboratif.<\/p>\n<p>&nbsp;<\/p>\n<p>Acc\u00e9dez \u00e0 une assistance professionnelle en ligne dans le monde entier, disponible en anglais, fran\u00e7ais et espagnol. La commodit\u00e9 des s\u00e9ances en ligne vous permet de profiter des bienfaits de l\u2019hypnoth\u00e9rapie dans le confort de votre propre espace, \u00e0 un moment qui s\u2019adapte parfaitement \u00e0 votre emploi du temps.<\/p>\t\t\t\t\t\t\t\t<\/div>\n\t\t\t\t<\/div>\n\t\t\t\t<\/div>\n\t\t\t\t\t<\/div>\n\t\t\t\t<\/div>\n\t\t\t\t<section class=\"elementor-section elementor-top-section elementor-element elementor-element-ad08e2b elementor-section-boxed elementor-section-height-default elementor-section-height-default\" data-id=\"ad08e2b\" data-element_type=\"section\" data-e-type=\"section\">\n\t\t\t\t\t\t<div class=\"elementor-container elementor-column-gap-default\">\n\t\t\t\t\t<div class=\"elementor-column elementor-col-100 elementor-top-column elementor-element elementor-element-7811356\" data-id=\"7811356\" data-element_type=\"column\" data-e-type=\"column\">\n\t\t\t<div class=\"elementor-widget-wrap elementor-element-populated\">\n\t\t\t\t\t\t<div class=\"elementor-element elementor-element-ca412e3 elementor-widget elementor-widget-text-editor\" data-id=\"ca412e3\" data-element_type=\"widget\" data-e-type=\"widget\" data-widget_type=\"text-editor.default\">\n\t\t\t\t<div class=\"elementor-widget-container\">\n\t\t\t\t\t\t\t\t\tCommencez votre voyage de transformation avec un message simple. Contactez-moi d\u00e8s aujourd&rsquo;hui et explorons les solutions d&rsquo;hypnoth\u00e9rapie et de coaching sur mesure qui peuvent d\u00e9bloquer un changement positif dans votre vie. Que vous recherchiez un soulagement \u00e0 un d\u00e9fi sp\u00e9cifique ou que vous visiez un bien-\u00eatre holistique, je suis l\u00e0 pour vous guider sur votre chemin vers la croissance et la transformation personnelles. Votre voyage commence par un message \u2013 prenons-le ensemble.\t\t\t\t\t\t\t\t<\/div>\n\t\t\t\t<\/div>\n\t\t\t\t\t<\/div>\n\t\t<\/div>\n\t\t\t\t\t<\/div>\n\t\t<\/section>\n\t\t\t\t<\/div>\n\t\t","protected":false},"excerpt":{"rendered":"<p>Contactez moi Parlons de vos besoins. Contactez-moi pour un premier chat gratuit et nous serons heureux de r\u00e9pondre \u00e0 toutes vos questions. Bienvenue dans un espace d\u00e9di\u00e9 au bien-\u00eatre et \u00e0 la transformation positive. Si vous \u00eates pr\u00eat \u00e0 faire le premier pas vers une vie plus saine et plus heureuse, contactez-nous via les coordonn\u00e9es [&hellip;]<\/p>\n","protected":false},"author":7777,"featured_media":0,"parent":0,"menu_order":6,"comment_status":"closed","ping_status":"closed","template":"elementor_header_footer","meta":{"_monsterinsights_skip_tracking":false,"_monsterinsights_sitenote_active":false,"_monsterinsights_sitenote_note":"","_monsterinsights_sitenote_category":0,"_joinchat":[],"footnotes":""},"class_list":["post-1586","page","type-page","status-publish","hentry"],"yoast_head":"<!-- This site is optimized with the Yoast SEO plugin v25.6 - https:\/\/yoast.com\/wordpress\/plugins\/seo\/ -->\n<title>Contact - R\u00e9servez votre consultation gratuite de 20 minutes - Mind matters for you<\/title>\n<meta name=\"description\" content=\"Voulez-vous une solution efficace \u00e0 ce qui vous retient ? L&#039;hypnoth\u00e9rapie peut vous aider ! Contactez moi. Obtenez une premi\u00e8re discussion GRATUITE\u00a0!\" \/>\n<meta name=\"robots\" content=\"index, follow, max-snippet:-1, max-image-preview:large, max-video-preview:-1\" \/>\n<link rel=\"canonical\" href=\"https:\/\/mindmatters4u.com\/fr\/contact\/\" \/>\n<meta property=\"og:locale\" content=\"fr_FR\" \/>\n<meta property=\"og:type\" content=\"article\" \/>\n<meta property=\"og:title\" content=\"Contact - R\u00e9servez votre consultation gratuite de 20 minutes - Mind matters for you\" \/>\n<meta property=\"og:description\" content=\"Voulez-vous une solution efficace \u00e0 ce qui vous retient ? L&#039;hypnoth\u00e9rapie peut vous aider ! Contactez moi. Obtenez une premi\u00e8re discussion GRATUITE\u00a0!\" \/>\n<meta property=\"og:url\" content=\"https:\/\/mindmatters4u.com\/fr\/contact\/\" \/>\n<meta property=\"og:site_name\" content=\"Mind matters for you\" \/>\n<meta property=\"article:publisher\" content=\"https:\/\/www.facebook.com\/Mind-Matters-Hypnotherapy-112671978126559\" \/>\n<meta property=\"article:modified_time\" content=\"2024-02-24T14:39:19+00:00\" \/>\n<meta property=\"og:image\" content=\"https:\/\/mindmatters4u.com\/wp-content\/uploads\/2024\/01\/frank-mckenna-8bRf_BmjbpU-unsplash-scaled.jpg\" \/>\n<meta name=\"twitter:card\" content=\"summary_large_image\" \/>\n<meta name=\"twitter:label1\" content=\"Dur\u00e9e de lecture estim\u00e9e\" \/>\n\t<meta name=\"twitter:data1\" content=\"3 minutes\" \/>\n<script type=\"application\/ld+json\" class=\"yoast-schema-graph\">{\"@context\":\"https:\/\/schema.org\",\"@graph\":[{\"@type\":[\"WebPage\",\"ContactPage\"],\"@id\":\"https:\/\/mindmatters4u.com\/fr\/contact\/\",\"url\":\"https:\/\/mindmatters4u.com\/fr\/contact\/\",\"name\":\"Contact - R\u00e9servez votre consultation gratuite de 20 minutes - Mind matters for you\",\"isPartOf\":{\"@id\":\"https:\/\/mindmatters4u.com\/fr\/#website\"},\"primaryImageOfPage\":{\"@id\":\"https:\/\/mindmatters4u.com\/fr\/contact\/#primaryimage\"},\"image\":{\"@id\":\"https:\/\/mindmatters4u.com\/fr\/contact\/#primaryimage\"},\"thumbnailUrl\":\"https:\/\/mindmatters4u.com\/wp-content\/uploads\/2024\/01\/frank-mckenna-8bRf_BmjbpU-unsplash-scaled.jpg\",\"datePublished\":\"2022-04-11T08:26:51+00:00\",\"dateModified\":\"2024-02-24T14:39:19+00:00\",\"description\":\"Voulez-vous une solution efficace \u00e0 ce qui vous retient ? L'hypnoth\u00e9rapie peut vous aider ! Contactez moi. Obtenez une premi\u00e8re discussion GRATUITE\u00a0!\",\"breadcrumb\":{\"@id\":\"https:\/\/mindmatters4u.com\/fr\/contact\/#breadcrumb\"},\"inLanguage\":\"fr-FR\",\"potentialAction\":[{\"@type\":\"ReadAction\",\"target\":[\"https:\/\/mindmatters4u.com\/fr\/contact\/\"]}]},{\"@type\":\"ImageObject\",\"inLanguage\":\"fr-FR\",\"@id\":\"https:\/\/mindmatters4u.com\/fr\/contact\/#primaryimage\",\"url\":\"https:\/\/mindmatters4u.com\/wp-content\/uploads\/2024\/01\/frank-mckenna-8bRf_BmjbpU-unsplash-scaled.jpg\",\"contentUrl\":\"https:\/\/mindmatters4u.com\/wp-content\/uploads\/2024\/01\/frank-mckenna-8bRf_BmjbpU-unsplash-scaled.jpg\"},{\"@type\":\"BreadcrumbList\",\"@id\":\"https:\/\/mindmatters4u.com\/fr\/contact\/#breadcrumb\",\"itemListElement\":[{\"@type\":\"ListItem\",\"position\":1,\"name\":\"Home\",\"item\":\"https:\/\/mindmatters4u.com\/fr\/\"},{\"@type\":\"ListItem\",\"position\":2,\"name\":\"Contact\"}]},{\"@type\":\"WebSite\",\"@id\":\"https:\/\/mindmatters4u.com\/fr\/#website\",\"url\":\"https:\/\/mindmatters4u.com\/fr\/\",\"name\":\"Mind Matters for you\",\"description\":\"Online Hypnotherapy\",\"publisher\":{\"@id\":\"https:\/\/mindmatters4u.com\/fr\/#\/schema\/person\/2d8b610a88a7f57e5a7cce9490eea9e2\"},\"potentialAction\":[{\"@type\":\"SearchAction\",\"target\":{\"@type\":\"EntryPoint\",\"urlTemplate\":\"https:\/\/mindmatters4u.com\/fr\/?s={search_term_string}\"},\"query-input\":{\"@type\":\"PropertyValueSpecification\",\"valueRequired\":true,\"valueName\":\"search_term_string\"}}],\"inLanguage\":\"fr-FR\"},{\"@type\":[\"Person\",\"Organization\"],\"@id\":\"https:\/\/mindmatters4u.com\/fr\/#\/schema\/person\/2d8b610a88a7f57e5a7cce9490eea9e2\",\"name\":\"Julian Carbajo Antelo\",\"image\":{\"@type\":\"ImageObject\",\"inLanguage\":\"fr-FR\",\"@id\":\"https:\/\/mindmatters4u.com\/fr\/#\/schema\/person\/image\/\",\"url\":\"https:\/\/mindmatters4u.com\/wp-content\/uploads\/2022\/04\/Logo-Big-fococlipping-standard.png\",\"contentUrl\":\"https:\/\/mindmatters4u.com\/wp-content\/uploads\/2022\/04\/Logo-Big-fococlipping-standard.png\",\"width\":500,\"height\":500,\"caption\":\"Julian Carbajo Antelo\"},\"logo\":{\"@id\":\"https:\/\/mindmatters4u.com\/fr\/#\/schema\/person\/image\/\"},\"sameAs\":[\"http:\/\/mindmatters4u.com\/\",\"https:\/\/www.facebook.com\/Mind-Matters-Hypnotherapy-112671978126559\",\"https:\/\/www.instagram.com\/mind_matters.hypnosis\/\",\"https:\/\/www.linkedin.com\/company\/80270887\/\"]}]}<\/script>\n<!-- \/ Yoast SEO plugin. -->","yoast_head_json":{"title":"Contact - R\u00e9servez votre consultation gratuite de 20 minutes - Mind matters for you","description":"Voulez-vous une solution efficace \u00e0 ce qui vous retient ? L'hypnoth\u00e9rapie peut vous aider ! Contactez moi. Obtenez une premi\u00e8re discussion GRATUITE\u00a0!","robots":{"index":"index","follow":"follow","max-snippet":"max-snippet:-1","max-image-preview":"max-image-preview:large","max-video-preview":"max-video-preview:-1"},"canonical":"https:\/\/mindmatters4u.com\/fr\/contact\/","og_locale":"fr_FR","og_type":"article","og_title":"Contact - R\u00e9servez votre consultation gratuite de 20 minutes - Mind matters for you","og_description":"Voulez-vous une solution efficace \u00e0 ce qui vous retient ? L'hypnoth\u00e9rapie peut vous aider ! Contactez moi. Obtenez une premi\u00e8re discussion GRATUITE\u00a0!","og_url":"https:\/\/mindmatters4u.com\/fr\/contact\/","og_site_name":"Mind matters for you","article_publisher":"https:\/\/www.facebook.com\/Mind-Matters-Hypnotherapy-112671978126559","article_modified_time":"2024-02-24T14:39:19+00:00","og_image":[{"url":"https:\/\/mindmatters4u.com\/wp-content\/uploads\/2024\/01\/frank-mckenna-8bRf_BmjbpU-unsplash-scaled.jpg","type":"","width":"","height":""}],"twitter_card":"summary_large_image","twitter_misc":{"Dur\u00e9e de lecture estim\u00e9e":"3 minutes"},"schema":{"@context":"https:\/\/schema.org","@graph":[{"@type":["WebPage","ContactPage"],"@id":"https:\/\/mindmatters4u.com\/fr\/contact\/","url":"https:\/\/mindmatters4u.com\/fr\/contact\/","name":"Contact - R\u00e9servez votre consultation gratuite de 20 minutes - Mind matters for you","isPartOf":{"@id":"https:\/\/mindmatters4u.com\/fr\/#website"},"primaryImageOfPage":{"@id":"https:\/\/mindmatters4u.com\/fr\/contact\/#primaryimage"},"image":{"@id":"https:\/\/mindmatters4u.com\/fr\/contact\/#primaryimage"},"thumbnailUrl":"https:\/\/mindmatters4u.com\/wp-content\/uploads\/2024\/01\/frank-mckenna-8bRf_BmjbpU-unsplash-scaled.jpg","datePublished":"2022-04-11T08:26:51+00:00","dateModified":"2024-02-24T14:39:19+00:00","description":"Voulez-vous une solution efficace \u00e0 ce qui vous retient ? L'hypnoth\u00e9rapie peut vous aider ! Contactez moi. Obtenez une premi\u00e8re discussion GRATUITE\u00a0!","breadcrumb":{"@id":"https:\/\/mindmatters4u.com\/fr\/contact\/#breadcrumb"},"inLanguage":"fr-FR","potentialAction":[{"@type":"ReadAction","target":["https:\/\/mindmatters4u.com\/fr\/contact\/"]}]},{"@type":"ImageObject","inLanguage":"fr-FR","@id":"https:\/\/mindmatters4u.com\/fr\/contact\/#primaryimage","url":"https:\/\/mindmatters4u.com\/wp-content\/uploads\/2024\/01\/frank-mckenna-8bRf_BmjbpU-unsplash-scaled.jpg","contentUrl":"https:\/\/mindmatters4u.com\/wp-content\/uploads\/2024\/01\/frank-mckenna-8bRf_BmjbpU-unsplash-scaled.jpg"},{"@type":"BreadcrumbList","@id":"https:\/\/mindmatters4u.com\/fr\/contact\/#breadcrumb","itemListElement":[{"@type":"ListItem","position":1,"name":"Home","item":"https:\/\/mindmatters4u.com\/fr\/"},{"@type":"ListItem","position":2,"name":"Contact"}]},{"@type":"WebSite","@id":"https:\/\/mindmatters4u.com\/fr\/#website","url":"https:\/\/mindmatters4u.com\/fr\/","name":"Mind Matters for you","description":"Online Hypnotherapy","publisher":{"@id":"https:\/\/mindmatters4u.com\/fr\/#\/schema\/person\/2d8b610a88a7f57e5a7cce9490eea9e2"},"potentialAction":[{"@type":"SearchAction","target":{"@type":"EntryPoint","urlTemplate":"https:\/\/mindmatters4u.com\/fr\/?s={search_term_string}"},"query-input":{"@type":"PropertyValueSpecification","valueRequired":true,"valueName":"search_term_string"}}],"inLanguage":"fr-FR"},{"@type":["Person","Organization"],"@id":"https:\/\/mindmatters4u.com\/fr\/#\/schema\/person\/2d8b610a88a7f57e5a7cce9490eea9e2","name":"Julian Carbajo Antelo","image":{"@type":"ImageObject","inLanguage":"fr-FR","@id":"https:\/\/mindmatters4u.com\/fr\/#\/schema\/person\/image\/","url":"https:\/\/mindmatters4u.com\/wp-content\/uploads\/2022\/04\/Logo-Big-fococlipping-standard.png","contentUrl":"https:\/\/mindmatters4u.com\/wp-content\/uploads\/2022\/04\/Logo-Big-fococlipping-standard.png","width":500,"height":500,"caption":"Julian Carbajo Antelo"},"logo":{"@id":"https:\/\/mindmatters4u.com\/fr\/#\/schema\/person\/image\/"},"sameAs":["http:\/\/mindmatters4u.com\/","https:\/\/www.facebook.com\/Mind-Matters-Hypnotherapy-112671978126559","https:\/\/www.instagram.com\/mind_matters.hypnosis\/","https:\/\/www.linkedin.com\/company\/80270887\/"]}]}},"_links":{"self":[{"href":"https:\/\/mindmatters4u.com\/fr\/wp-json\/wp\/v2\/pages\/1586"}],"collection":[{"href":"https:\/\/mindmatters4u.com\/fr\/wp-json\/wp\/v2\/pages"}],"about":[{"href":"https:\/\/mindmatters4u.com\/fr\/wp-json\/wp\/v2\/types\/page"}],"author":[{"embeddable":true,"href":"https:\/\/mindmatters4u.com\/fr\/wp-json\/wp\/v2\/users\/7777"}],"replies":[{"embeddable":true,"href":"https:\/\/mindmatters4u.com\/fr\/wp-json\/wp\/v2\/comments?post=1586"}],"version-history":[{"count":5,"href":"https:\/\/mindmatters4u.com\/fr\/wp-json\/wp\/v2\/pages\/1586\/revisions"}],"predecessor-version":[{"id":10359,"href":"https:\/\/mindmatters4u.com\/fr\/wp-json\/wp\/v2\/pages\/1586\/revisions\/10359"}],"wp:attachment":[{"href":"https:\/\/mindmatters4u.com\/fr\/wp-json\/wp\/v2\/media?parent=1586"}],"curies":[{"name":"wp","href":"https:\/\/api.w.org\/{rel}","templated":true}]}}