{"id":3434,"date":"2023-05-26T00:24:03","date_gmt":"2023-05-26T00:24:03","guid":{"rendered":"https:\/\/mindmatters4u.com\/politique-en-matiere-de-cookies\/"},"modified":"2023-07-25T16:05:15","modified_gmt":"2023-07-25T16:05:15","slug":"politique-en-matiere-de-cookies","status":"publish","type":"page","link":"https:\/\/mindmatters4u.com\/fr\/politique-en-matiere-de-cookies\/","title":{"rendered":"Politique en mati\u00e8re de cookies"},"content":{"rendered":"\t\t<div data-elementor-type=\"wp-page\" data-elementor-id=\"3434\" class=\"elementor elementor-3434 elementor-1864\" data-elementor-post-type=\"page\">\n\t\t\t\t\t\t<section class=\"elementor-section elementor-top-section elementor-element elementor-element-eecfa62 elementor-section-boxed elementor-section-height-default elementor-section-height-default\" data-id=\"eecfa62\" data-element_type=\"section\" data-e-type=\"section\">\n\t\t\t\t\t\t<div class=\"elementor-container elementor-column-gap-default\">\n\t\t\t\t\t<div class=\"elementor-column elementor-col-100 elementor-top-column elementor-element elementor-element-9a8e34a\" data-id=\"9a8e34a\" data-element_type=\"column\" data-e-type=\"column\">\n\t\t\t<div class=\"elementor-widget-wrap elementor-element-populated\">\n\t\t\t\t\t\t<div class=\"elementor-element elementor-element-dbd1992 elementor-widget elementor-widget-text-editor\" data-id=\"dbd1992\" data-element_type=\"widget\" data-e-type=\"widget\" data-widget_type=\"text-editor.default\">\n\t\t\t\t<div class=\"elementor-widget-container\">\n\t\t\t\t\t\t\t\t\t<h1 style=\"margin-right: 0cm; margin-left: 0cm; font-size: 18pt; font-family: \"Times New Roman\", serif; font-weight: bold; color: rgb(0, 0, 0);\"><span lang=\"EN\">POLITIQUE EN MATI\u00c8RE DE COOKIES<\/span><\/h1>\n<h4 style=\"margin-right: 0cm; margin-left: 0cm; font-size: 12pt; font-family: \"Times New Roman\", serif; font-weight: bold; color: rgb(0, 0, 0);\"><span class=\"blanc-space\"><span lang=\"EN\">http:\/\/mindmatters4u.com<\/span><\/span><span lang=\"EN\"><o:p><\/o:p><\/span><\/h4>\n<p style=\"margin-right: 0cm; margin-left: 0cm; font-size: 12pt; font-family: \"Times New Roman\", serif;\"><span lang=\"EN\">L&rsquo;acc\u00e8s \u00e0 ce site web peut impliquer l&rsquo;utilisation de cookies. Les cookies sont de petites quantit\u00e9s d&rsquo;informations qui sont stock\u00e9es dans le navigateur utilis\u00e9 par chaque utilisateur &#8211; dans les diff\u00e9rents dispositifs qui peuvent \u00eatre utilis\u00e9s pour naviguer &#8211; de sorte que le serveur se souvient de certaines informations qui seront lues ult\u00e9rieurement et uniquement par le serveur qui l&rsquo;a impl\u00e9ment\u00e9. Les cookies facilitent la navigation, la rendent plus conviviale et n&rsquo;endommagent pas l&rsquo;appareil de navigation.<o:p><\/o:p><\/span><\/p>\n<p style=\"margin-right: 0cm; margin-left: 0cm; font-size: 12pt; font-family: \"Times New Roman\", serif;\"><span lang=\"EN\">Les cookies sont des proc\u00e9dures automatiques de collecte d&rsquo;informations relatives aux pr\u00e9f\u00e9rences d\u00e9termin\u00e9es par l&rsquo;utilisateur lors de sa visite sur le site Web afin de le reconna\u00eetre en tant qu&rsquo;utilisateur et de personnaliser son exp\u00e9rience et son utilisation du site Web, et peuvent \u00e9galement, par exemple, aider \u00e0 identifier et \u00e0 r\u00e9soudre les erreurs.<o:p><\/o:p><\/span><\/p>\n<p style=\"margin-right: 0cm; margin-left: 0cm; font-size: 12pt; font-family: \"Times New Roman\", serif;\"><span lang=\"EN\">Les informations collect\u00e9es par le biais des cookies peuvent inclure la date et l&rsquo;heure des visites sur le site web, les pages consult\u00e9es, le temps pass\u00e9 sur le site web et les sites visit\u00e9s juste avant et apr\u00e8s. Cependant, aucun cookie ne lui permet de contacter le num\u00e9ro de t\u00e9l\u00e9phone de l&rsquo;utilisateur ou tout autre moyen de contact personnel. Aucun cookie ne peut extraire des informations du disque dur de l&rsquo;utilisateur ou voler des informations personnelles. Le seul moyen pour que les informations priv\u00e9es de l&rsquo;utilisateur soient int\u00e9gr\u00e9es au fichier de cookies est que l&rsquo;utilisateur fournisse personnellement ces informations au serveur.<o:p><\/o:p><\/span><\/p>\n<p style=\"margin-right: 0cm; margin-left: 0cm; font-size: 12pt; font-family: \"Times New Roman\", serif;\"><span lang=\"EN\">Les cookies qui permettent d&rsquo;identifier une personne sont consid\u00e9r\u00e9s comme des donn\u00e9es \u00e0 caract\u00e8re personnel. Par cons\u00e9quent, la politique de confidentialit\u00e9 d\u00e9crite ci-dessus s&rsquo;appliquera \u00e0 eux. En ce sens, le consentement de l&rsquo;utilisateur est n\u00e9cessaire pour l&rsquo;utilisation de ces donn\u00e9es. Ce consentement sera communiqu\u00e9, sur la base d&rsquo;un choix authentique, offert au moyen d&rsquo;une d\u00e9cision affirmative et positive, avant le traitement initial, amovible et document\u00e9.<o:p><\/o:p><\/span><\/p>\n<h4 style=\"margin-right: 0cm; margin-left: 0cm; font-size: 12pt; font-family: \"Times New Roman\", serif; font-weight: bold; color: rgb(0, 0, 0);\"><span lang=\"EN\">Ses propres biscuits<o:p><\/o:p><\/span><\/h4>\n<p style=\"margin-right: 0cm; margin-left: 0cm; font-size: 12pt; font-family: \"Times New Roman\", serif;\"><span lang=\"EN\">Il s&rsquo;agit de cookies envoy\u00e9s \u00e0 l&rsquo;ordinateur ou \u00e0 l&rsquo;appareil de l&rsquo;utilisateur et g\u00e9r\u00e9s exclusivement par <span class=\"blanc-space\">Mind Matters <\/span>pour le meilleur fonctionnement du site Web. Les informations collect\u00e9es sont utilis\u00e9es pour am\u00e9liorer la qualit\u00e9 du site web et de son contenu ainsi que votre exp\u00e9rience en tant qu&rsquo;utilisateur. Ces cookies permettent de reconna\u00eetre l&rsquo;utilisateur comme un visiteur r\u00e9current du site web et d&rsquo;adapter le contenu pour lui offrir un contenu qui r\u00e9pond \u00e0 ses pr\u00e9f\u00e9rences.<o:p><\/o:p><\/span><\/p>\n<h4 style=\"margin-right: 0cm; margin-left: 0cm; font-size: 12pt; font-family: \"Times New Roman\", serif; font-weight: bold; color: rgb(0, 0, 0);\"><span lang=\"EN\">Cookies de tiers<o:p><\/o:p><\/span><\/h4>\n<p style=\"margin-right: 0cm; margin-left: 0cm; font-size: 12pt; font-family: \"Times New Roman\", serif;\"><span lang=\"EN\">Il s&rsquo;agit de cookies utilis\u00e9s et g\u00e9r\u00e9s par des entit\u00e9s externes qui fournissent \u00e0 <span class=\"blanc-space\">Mind Matters <\/span>les services demand\u00e9s par celle-ci afin d&rsquo;am\u00e9liorer le site Web et l&rsquo;exp\u00e9rience de l&rsquo;utilisateur lorsqu&rsquo;il navigue sur le site Web. Les principaux objectifs pour lesquels les cookies de tiers sont utilis\u00e9s sont d&rsquo;obtenir des statistiques d&rsquo;acc\u00e8s et d&rsquo;analyser les informations de navigation, c&rsquo;est-\u00e0-dire la fa\u00e7on dont l&rsquo;utilisateur interagit avec le site Web.<o:p><\/o:p><\/span><\/p>\n<p style=\"margin-right: 0cm; margin-left: 0cm; font-size: 12pt; font-family: \"Times New Roman\", serif;\"><span lang=\"EN\">Les informations obtenues se r\u00e9f\u00e8rent, par exemple, au nombre de pages visit\u00e9es, \u00e0 la langue, \u00e0 l&rsquo;endroit o\u00f9 se trouve l&rsquo;adresse IP \u00e0 partir de laquelle l&rsquo;utilisateur acc\u00e8de, au nombre d&rsquo;utilisateurs qui acc\u00e8dent, \u00e0 la fr\u00e9quence et \u00e0 la r\u00e9cidive des visites, \u00e0 l&rsquo;heure de la visite, au navigateur qu&rsquo;ils utilisent, \u00e0 l&rsquo;op\u00e9rateur ou au type de dispositif \u00e0 partir duquel la visite est effectu\u00e9e. Ces informations sont utilis\u00e9es pour am\u00e9liorer le site Web et d\u00e9tecter de nouveaux besoins afin d&rsquo;offrir aux utilisateurs un contenu et\/ou un service de qualit\u00e9 optimale. Dans tous les cas, les informations sont collect\u00e9es de mani\u00e8re anonyme et les rapports sur les tendances du site Web sont pr\u00e9par\u00e9s sans identifier les utilisateurs individuels.<o:p><\/o:p><\/span><\/p>\n<p style=\"margin-right: 0cm; margin-left: 0cm; font-size: 12pt; font-family: \"Times New Roman\", serif;\"><span lang=\"EN\">Vous pouvez obtenir plus d&rsquo;informations sur les cookies, des informations sur la vie priv\u00e9e, ou consulter la description du type de cookies utilis\u00e9s, leurs principales caract\u00e9ristiques, leur p\u00e9riode d&rsquo;expiration, etc. sur le(s) lien(s) suivant(s) :<o:p><\/o:p><\/span><\/p>\n<p class=\"text-wrap\" style=\"margin-right: 0cm; margin-left: 0cm; font-size: 12pt; font-family: \"Times New Roman\", serif;\"><span lang=\"EN\" style=\"font-size: 10pt; font-family: \"Courier New\";\">Google analytics : https:\/\/developers.google.com\/analytics\/<o:p><\/o:p><\/span><\/p>\n<p style=\"margin-right: 0cm; margin-left: 0cm; font-size: 12pt; font-family: \"Times New Roman\", serif;\"><span lang=\"EN\">La ou les entit\u00e9s charg\u00e9es de fournir les cookies peuvent transf\u00e9rer ces informations \u00e0 des tiers, pour autant que la loi l&rsquo;exige ou qu&rsquo;il s&rsquo;agisse d&rsquo;un tiers qui traite ces informations pour lesdites entit\u00e9s.<o:p><\/o:p><\/span><\/p>\n<h4 style=\"margin-right: 0cm; margin-left: 0cm; font-size: 12pt; font-family: \"Times New Roman\", serif; font-weight: bold; color: rgb(0, 0, 0);\"><span lang=\"EN\">Cookies de r\u00e9seaux sociaux<o:p><\/o:p><\/span><\/h4>\n<p style=\"margin-right: 0cm; margin-left: 0cm; font-size: 12pt; font-family: \"Times New Roman\", serif;\"><span class=\"blanc-space\"><span lang=\"EN\">L&rsquo;esprit en mouvement <\/span><\/span><span lang=\"EN\">int\u00e8gre des plugins de r\u00e9seaux sociaux, qui permettent d&rsquo;y acc\u00e9der \u00e0 partir du site web. C&rsquo;est pourquoi des cookies de r\u00e9seaux sociaux peuvent \u00eatre stock\u00e9s dans le navigateur de l&rsquo;utilisateur. Les propri\u00e9taires de ces r\u00e9seaux sociaux ont leurs propres politiques en mati\u00e8re de protection des donn\u00e9es et de cookies, \u00e9tant eux-m\u00eames, dans chaque cas, responsables de leurs propres fichiers et de leurs propres pratiques en mati\u00e8re de protection de la vie priv\u00e9e. L&rsquo;utilisateur doit s&rsquo;y r\u00e9f\u00e9rer pour conna\u00eetre lesdits cookies et, le cas \u00e9ch\u00e9ant, le traitement de ses donn\u00e9es personnelles. \u00c0 titre d&rsquo;information uniquement, les liens permettant de consulter ces politiques de confidentialit\u00e9 et\/ou de cookies sont indiqu\u00e9s ci-dessous :<o:p><\/o:p><\/span><\/p>\n<ul type=\"disc\" style=\"margin-bottom: 0cm; font-size: medium;\">\n<li class=\"MsoNormal\" style=\"margin: 0cm; font-size: 12pt; font-family: \"Times New Roman\", serif;\"><span lang=\"EN\">Facebook : <\/span><span lang=\"EN\"><a href=\"https:\/\/www.facebook.com\/policies\/cookies\/\" style=\"color: blue; text-decoration-line: underline;\">https:\/\/www.facebook.com\/policies\/cookies\/<\/a><\/span><span lang=\"EN\"><o:p><\/o:p><\/span><\/li>\n<li class=\"MsoNormal\" style=\"margin: 0cm; font-size: 12pt; font-family: \"Times New Roman\", serif;\"><span lang=\"EN\">Twitter : <\/span><span lang=\"EN\"><a href=\"https:\/\/twitter.com\/es\/privacy\" style=\"color: blue; text-decoration-line: underline;\">https:\/\/twitter.com\/es\/privacy<\/a><\/span><span lang=\"EN\"><o:p><\/o:p><\/span><\/li>\n<li class=\"MsoNormal\" style=\"margin: 0cm; font-size: 12pt; font-family: \"Times New Roman\", serif;\"><span lang=\"EN\">Instagram : <\/span><span lang=\"EN\"><a href=\"https:\/\/help.instagram.com\/1896641480634370?ref=ig\" style=\"color: blue; text-decoration-line: underline;\">https:\/\/help.instagram.com\/1896641480634370?ref=ig<\/a><\/span><span lang=\"EN\"><o:p><\/o:p><\/span><\/li>\n<li class=\"MsoNormal\" style=\"margin: 0cm; font-size: 12pt; font-family: \"Times New Roman\", serif;\"><span lang=\"EN\">YouTube : <\/span><span lang=\"EN\"><a href=\"https:\/\/policies.google.com\/privacy?hl=es-419&amp;gl=mx\" style=\"color: blue; text-decoration-line: underline;\">https:\/\/policies.google.com\/privacy?hl=es-419&amp;gl=mx<\/a><\/span><span lang=\"EN\"><o:p><\/o:p><\/span><\/li>\n<li class=\"MsoNormal\" style=\"margin: 0cm; font-size: 12pt; font-family: \"Times New Roman\", serif;\"><span lang=\"ES\">Pinterest : <\/span><span lang=\"EN\"><a href=\"https:\/\/policy.pinterest.com\/es\/privacy-policy\" style=\"color: blue; text-decoration-line: underline;\"><span lang=\"ES\">https:\/\/policy.pinterest.com\/es\/privacy-policy<\/span><\/a><\/span><span lang=\"ES\"><o:p><\/o:p><\/span><\/li>\n<li class=\"MsoNormal\" style=\"margin: 0cm; font-size: 12pt; font-family: \"Times New Roman\", serif;\"><span lang=\"EN\">LinkedIn : <\/span><span lang=\"EN\"><a href=\"https:\/\/www.linkedin.com\/legal\/cookie-policy?trk=hp-cookies\" style=\"color: blue; text-decoration-line: underline;\">https:\/\/www.linkedin.com\/legal\/cookie-policy?trk=hp-cookies<\/a><\/span><span lang=\"EN\"><o:p><\/o:p><\/span><\/li>\n<\/ul>\n<h4 style=\"margin-right: 0cm; margin-left: 0cm; font-size: 12pt; font-family: \"Times New Roman\", serif; font-weight: bold; color: rgb(0, 0, 0);\"><span lang=\"EN\">D\u00e9sactiver, rejeter et supprimer les cookies<o:p><\/o:p><\/span><\/h4>\n<p style=\"margin-right: 0cm; margin-left: 0cm; font-size: 12pt; font-family: \"Times New Roman\", serif;\"><span lang=\"EN\">L&rsquo;utilisateur peut d\u00e9sactiver, rejeter et \u00e9liminer les cookies &#8211; totalement ou partiellement &#8211; install\u00e9s sur son appareil \u00e0 travers la configuration de son navigateur (parmi lesquels, par exemple, Chrome, Firefox, Safari, Explorer). En ce sens, les proc\u00e9dures de rejet et de suppression des cookies peuvent diff\u00e9rer d&rsquo;un navigateur Internet \u00e0 l&rsquo;autre. Par cons\u00e9quent, l&rsquo;utilisateur doit suivre les instructions fournies par le navigateur Internet qu&rsquo;il utilise. Si vous refusez l&rsquo;utilisation de cookies &#8211; totalement ou partiellement &#8211; vous pouvez continuer \u00e0 utiliser le site Web, bien que l&rsquo;utilisation de certaines de ses fonctions puisse \u00eatre limit\u00e9e.<o:p><\/o:p><\/span><\/p>\n<p><span style=\"font-family: \"Times New Roman\", serif; font-size: 12pt; color: var( --e-global-color-text ); font-style: var( --e-global-typography-text-font-style ); font-weight: var( --e-global-typography-text-font-weight ); letter-spacing: var( --e-global-typography-text-letter-spacing );\">Ce document sur la politique en mati\u00e8re de cookies a \u00e9t\u00e9 cr\u00e9\u00e9 le 06\/06\/2023.<\/span>Lorem ipsum dolor sit amet, consectetur adipiscing elit. Ut elit tellus, luctus nec ullamcorper mattis, pulvinar dapibus leo.<\/p>\t\t\t\t\t\t\t\t<\/div>\n\t\t\t\t<\/div>\n\t\t\t\t\t<\/div>\n\t\t<\/div>\n\t\t\t\t\t<\/div>\n\t\t<\/section>\n\t\t\t\t<\/div>\n\t\t","protected":false},"excerpt":{"rendered":"<p>POLITIQUE EN MATI\u00c8RE DE COOKIES http:\/\/mindmatters4u.com L&rsquo;acc\u00e8s \u00e0 ce site web peut impliquer l&rsquo;utilisation de cookies. Les cookies sont de petites quantit\u00e9s d&rsquo;informations qui sont stock\u00e9es dans le navigateur utilis\u00e9 par chaque utilisateur &#8211; dans les diff\u00e9rents dispositifs qui peuvent \u00eatre utilis\u00e9s pour naviguer &#8211; de sorte que le serveur se souvient de certaines informations [&hellip;]<\/p>\n","protected":false},"author":7778,"featured_media":0,"parent":0,"menu_order":9,"comment_status":"closed","ping_status":"closed","template":"","meta":{"_monsterinsights_skip_tracking":false,"_monsterinsights_sitenote_active":false,"_monsterinsights_sitenote_note":"","_monsterinsights_sitenote_category":0,"_joinchat":[],"footnotes":""},"class_list":["post-3434","page","type-page","status-publish","hentry"],"yoast_head":"<!-- This site is optimized with the Yoast SEO plugin v25.6 - https:\/\/yoast.com\/wordpress\/plugins\/seo\/ -->\n<title>Politique en mati\u00e8re de cookies - Mind matters for you<\/title>\n<meta name=\"description\" content=\"Politique en mati\u00e8re de cookies. Propres cookies, cookies de tiers, cookies de r\u00e9seaux sociaux, d\u00e9sactiver, rejeter et supprimer les cookies.\" \/>\n<meta name=\"robots\" content=\"noindex, follow\" \/>\n<meta property=\"og:locale\" content=\"fr_FR\" \/>\n<meta property=\"og:type\" content=\"article\" \/>\n<meta property=\"og:title\" content=\"Politique en mati\u00e8re de cookies - Mind matters for you\" \/>\n<meta property=\"og:description\" content=\"Politique en mati\u00e8re de cookies. Propres cookies, cookies de tiers, cookies de r\u00e9seaux sociaux, d\u00e9sactiver, rejeter et supprimer les cookies.\" \/>\n<meta property=\"og:url\" content=\"https:\/\/mindmatters4u.com\/fr\/politique-en-matiere-de-cookies\/\" \/>\n<meta property=\"og:site_name\" content=\"Mind matters for you\" \/>\n<meta property=\"article:publisher\" content=\"https:\/\/www.facebook.com\/Mind-Matters-Hypnotherapy-112671978126559\" \/>\n<meta property=\"article:modified_time\" content=\"2023-07-25T16:05:15+00:00\" \/>\n<meta name=\"twitter:card\" content=\"summary_large_image\" \/>\n<meta name=\"twitter:label1\" content=\"Dur\u00e9e de lecture estim\u00e9e\" \/>\n\t<meta name=\"twitter:data1\" content=\"5 minutes\" \/>\n<script type=\"application\/ld+json\" class=\"yoast-schema-graph\">{\"@context\":\"https:\/\/schema.org\",\"@graph\":[{\"@type\":\"WebPage\",\"@id\":\"https:\/\/mindmatters4u.com\/fr\/politique-en-matiere-de-cookies\/\",\"url\":\"https:\/\/mindmatters4u.com\/fr\/politique-en-matiere-de-cookies\/\",\"name\":\"Politique en mati\u00e8re de cookies - Mind matters for you\",\"isPartOf\":{\"@id\":\"https:\/\/mindmatters4u.com\/fr\/#website\"},\"datePublished\":\"2023-05-26T00:24:03+00:00\",\"dateModified\":\"2023-07-25T16:05:15+00:00\",\"description\":\"Politique en mati\u00e8re de cookies. Propres cookies, cookies de tiers, cookies de r\u00e9seaux sociaux, d\u00e9sactiver, rejeter et supprimer les cookies.\",\"breadcrumb\":{\"@id\":\"https:\/\/mindmatters4u.com\/fr\/politique-en-matiere-de-cookies\/#breadcrumb\"},\"inLanguage\":\"fr-FR\",\"potentialAction\":[{\"@type\":\"ReadAction\",\"target\":[\"https:\/\/mindmatters4u.com\/fr\/politique-en-matiere-de-cookies\/\"]}]},{\"@type\":\"BreadcrumbList\",\"@id\":\"https:\/\/mindmatters4u.com\/fr\/politique-en-matiere-de-cookies\/#breadcrumb\",\"itemListElement\":[{\"@type\":\"ListItem\",\"position\":1,\"name\":\"Home\",\"item\":\"https:\/\/mindmatters4u.com\/fr\/\"},{\"@type\":\"ListItem\",\"position\":2,\"name\":\"Politique en mati\u00e8re de cookies\"}]},{\"@type\":\"WebSite\",\"@id\":\"https:\/\/mindmatters4u.com\/fr\/#website\",\"url\":\"https:\/\/mindmatters4u.com\/fr\/\",\"name\":\"Mind Matters for you\",\"description\":\"Online Hypnotherapy\",\"publisher\":{\"@id\":\"https:\/\/mindmatters4u.com\/fr\/#\/schema\/person\/2d8b610a88a7f57e5a7cce9490eea9e2\"},\"potentialAction\":[{\"@type\":\"SearchAction\",\"target\":{\"@type\":\"EntryPoint\",\"urlTemplate\":\"https:\/\/mindmatters4u.com\/fr\/?s={search_term_string}\"},\"query-input\":{\"@type\":\"PropertyValueSpecification\",\"valueRequired\":true,\"valueName\":\"search_term_string\"}}],\"inLanguage\":\"fr-FR\"},{\"@type\":[\"Person\",\"Organization\"],\"@id\":\"https:\/\/mindmatters4u.com\/fr\/#\/schema\/person\/2d8b610a88a7f57e5a7cce9490eea9e2\",\"name\":\"Julian Carbajo Antelo\",\"image\":{\"@type\":\"ImageObject\",\"inLanguage\":\"fr-FR\",\"@id\":\"https:\/\/mindmatters4u.com\/fr\/#\/schema\/person\/image\/\",\"url\":\"https:\/\/mindmatters4u.com\/wp-content\/uploads\/2022\/04\/Logo-Big-fococlipping-standard.png\",\"contentUrl\":\"https:\/\/mindmatters4u.com\/wp-content\/uploads\/2022\/04\/Logo-Big-fococlipping-standard.png\",\"width\":500,\"height\":500,\"caption\":\"Julian Carbajo Antelo\"},\"logo\":{\"@id\":\"https:\/\/mindmatters4u.com\/fr\/#\/schema\/person\/image\/\"},\"sameAs\":[\"http:\/\/mindmatters4u.com\/\",\"https:\/\/www.facebook.com\/Mind-Matters-Hypnotherapy-112671978126559\",\"https:\/\/www.instagram.com\/mind_matters.hypnosis\/\",\"https:\/\/www.linkedin.com\/company\/80270887\/\"]}]}<\/script>\n<!-- \/ Yoast SEO plugin. -->","yoast_head_json":{"title":"Politique en mati\u00e8re de cookies - Mind matters for you","description":"Politique en mati\u00e8re de cookies. Propres cookies, cookies de tiers, cookies de r\u00e9seaux sociaux, d\u00e9sactiver, rejeter et supprimer les cookies.","robots":{"index":"noindex","follow":"follow"},"og_locale":"fr_FR","og_type":"article","og_title":"Politique en mati\u00e8re de cookies - Mind matters for you","og_description":"Politique en mati\u00e8re de cookies. Propres cookies, cookies de tiers, cookies de r\u00e9seaux sociaux, d\u00e9sactiver, rejeter et supprimer les cookies.","og_url":"https:\/\/mindmatters4u.com\/fr\/politique-en-matiere-de-cookies\/","og_site_name":"Mind matters for you","article_publisher":"https:\/\/www.facebook.com\/Mind-Matters-Hypnotherapy-112671978126559","article_modified_time":"2023-07-25T16:05:15+00:00","twitter_card":"summary_large_image","twitter_misc":{"Dur\u00e9e de lecture estim\u00e9e":"5 minutes"},"schema":{"@context":"https:\/\/schema.org","@graph":[{"@type":"WebPage","@id":"https:\/\/mindmatters4u.com\/fr\/politique-en-matiere-de-cookies\/","url":"https:\/\/mindmatters4u.com\/fr\/politique-en-matiere-de-cookies\/","name":"Politique en mati\u00e8re de cookies - Mind matters for you","isPartOf":{"@id":"https:\/\/mindmatters4u.com\/fr\/#website"},"datePublished":"2023-05-26T00:24:03+00:00","dateModified":"2023-07-25T16:05:15+00:00","description":"Politique en mati\u00e8re de cookies. Propres cookies, cookies de tiers, cookies de r\u00e9seaux sociaux, d\u00e9sactiver, rejeter et supprimer les cookies.","breadcrumb":{"@id":"https:\/\/mindmatters4u.com\/fr\/politique-en-matiere-de-cookies\/#breadcrumb"},"inLanguage":"fr-FR","potentialAction":[{"@type":"ReadAction","target":["https:\/\/mindmatters4u.com\/fr\/politique-en-matiere-de-cookies\/"]}]},{"@type":"BreadcrumbList","@id":"https:\/\/mindmatters4u.com\/fr\/politique-en-matiere-de-cookies\/#breadcrumb","itemListElement":[{"@type":"ListItem","position":1,"name":"Home","item":"https:\/\/mindmatters4u.com\/fr\/"},{"@type":"ListItem","position":2,"name":"Politique en mati\u00e8re de cookies"}]},{"@type":"WebSite","@id":"https:\/\/mindmatters4u.com\/fr\/#website","url":"https:\/\/mindmatters4u.com\/fr\/","name":"Mind Matters for you","description":"Online Hypnotherapy","publisher":{"@id":"https:\/\/mindmatters4u.com\/fr\/#\/schema\/person\/2d8b610a88a7f57e5a7cce9490eea9e2"},"potentialAction":[{"@type":"SearchAction","target":{"@type":"EntryPoint","urlTemplate":"https:\/\/mindmatters4u.com\/fr\/?s={search_term_string}"},"query-input":{"@type":"PropertyValueSpecification","valueRequired":true,"valueName":"search_term_string"}}],"inLanguage":"fr-FR"},{"@type":["Person","Organization"],"@id":"https:\/\/mindmatters4u.com\/fr\/#\/schema\/person\/2d8b610a88a7f57e5a7cce9490eea9e2","name":"Julian Carbajo Antelo","image":{"@type":"ImageObject","inLanguage":"fr-FR","@id":"https:\/\/mindmatters4u.com\/fr\/#\/schema\/person\/image\/","url":"https:\/\/mindmatters4u.com\/wp-content\/uploads\/2022\/04\/Logo-Big-fococlipping-standard.png","contentUrl":"https:\/\/mindmatters4u.com\/wp-content\/uploads\/2022\/04\/Logo-Big-fococlipping-standard.png","width":500,"height":500,"caption":"Julian Carbajo Antelo"},"logo":{"@id":"https:\/\/mindmatters4u.com\/fr\/#\/schema\/person\/image\/"},"sameAs":["http:\/\/mindmatters4u.com\/","https:\/\/www.facebook.com\/Mind-Matters-Hypnotherapy-112671978126559","https:\/\/www.instagram.com\/mind_matters.hypnosis\/","https:\/\/www.linkedin.com\/company\/80270887\/"]}]}},"_links":{"self":[{"href":"https:\/\/mindmatters4u.com\/fr\/wp-json\/wp\/v2\/pages\/3434"}],"collection":[{"href":"https:\/\/mindmatters4u.com\/fr\/wp-json\/wp\/v2\/pages"}],"about":[{"href":"https:\/\/mindmatters4u.com\/fr\/wp-json\/wp\/v2\/types\/page"}],"author":[{"embeddable":true,"href":"https:\/\/mindmatters4u.com\/fr\/wp-json\/wp\/v2\/users\/7778"}],"replies":[{"embeddable":true,"href":"https:\/\/mindmatters4u.com\/fr\/wp-json\/wp\/v2\/comments?post=3434"}],"version-history":[{"count":0,"href":"https:\/\/mindmatters4u.com\/fr\/wp-json\/wp\/v2\/pages\/3434\/revisions"}],"wp:attachment":[{"href":"https:\/\/mindmatters4u.com\/fr\/wp-json\/wp\/v2\/media?parent=3434"}],"curies":[{"name":"wp","href":"https:\/\/api.w.org\/{rel}","templated":true}]}}